{"id":646,"date":"2023-03-08T19:31:11","date_gmt":"2023-03-08T18:31:11","guid":{"rendered":"https:\/\/happyhouse-loc.com\/?page_id=646"},"modified":"2023-04-12T19:03:56","modified_gmt":"2023-04-12T17:03:56","slug":"cannes-2","status":"publish","type":"page","link":"https:\/\/happyhouse-loc.com\/index.php\/cannes-2\/","title":{"rendered":"Cannes"},"content":{"rendered":"\t\t<div data-elementor-type=\"wp-page\" data-elementor-id=\"646\" class=\"elementor elementor-646\" data-elementor-post-type=\"page\">\n\t\t\t\t\t\t<section class=\"elementor-section elementor-top-section elementor-element elementor-element-42bde34 elementor-section-full_width elementor-section-stretched elementor-section-height-default elementor-section-height-default\" data-id=\"42bde34\" data-element_type=\"section\" data-settings=\"{&quot;stretch_section&quot;:&quot;section-stretched&quot;,&quot;background_background&quot;:&quot;slideshow&quot;,&quot;background_slideshow_gallery&quot;:[{&quot;id&quot;:468,&quot;url&quot;:&quot;https:\\\/\\\/happyhouse-loc.com\\\/wp-content\\\/uploads\\\/2023\\\/03\\\/BandeauHappyHouseCannes.jpg&quot;},{&quot;id&quot;:658,&quot;url&quot;:&quot;https:\\\/\\\/happyhouse-loc.com\\\/wp-content\\\/uploads\\\/2023\\\/03\\\/BandeauCannesCroisette.jpg&quot;},{&quot;id&quot;:657,&quot;url&quot;:&quot;https:\\\/\\\/happyhouse-loc.com\\\/wp-content\\\/uploads\\\/2023\\\/03\\\/BandeauCannesCroisetteJour.jpg&quot;}],&quot;background_slideshow_ken_burns&quot;:&quot;yes&quot;,&quot;background_slideshow_loop&quot;:&quot;yes&quot;,&quot;background_slideshow_slide_duration&quot;:5000,&quot;background_slideshow_slide_transition&quot;:&quot;fade&quot;,&quot;background_slideshow_transition_duration&quot;:500,&quot;background_slideshow_ken_burns_zoom_direction&quot;:&quot;in&quot;}\">\n\t\t\t\t\t\t\t<div class=\"elementor-background-overlay\"><\/div>\n\t\t\t\t\t\t\t<div class=\"elementor-container elementor-column-gap-default\">\n\t\t\t\t\t<div class=\"elementor-column elementor-col-100 elementor-top-column elementor-element elementor-element-6ab9fff\" data-id=\"6ab9fff\" data-element_type=\"column\">\n\t\t\t<div class=\"elementor-widget-wrap elementor-element-populated\">\n\t\t\t\t\t\t<div class=\"elementor-element elementor-element-89efab4 elementor-widget elementor-widget-heading\" data-id=\"89efab4\" data-element_type=\"widget\" data-widget_type=\"heading.default\">\n\t\t\t\t<div class=\"elementor-widget-container\">\n\t\t\t<h2 class=\"elementor-heading-title elementor-size-default\">Bienvenue \u00e0 Cannes<\/h2>\t\t<\/div>\n\t\t\t\t<\/div>\n\t\t\t\t\t<\/div>\n\t\t<\/div>\n\t\t\t\t\t<\/div>\n\t\t<\/section>\n\t\t\t\t<section class=\"elementor-section elementor-top-section elementor-element elementor-element-d41bbdd elementor-section-full_width elementor-section-stretched elementor-section-height-default elementor-section-height-default\" data-id=\"d41bbdd\" data-element_type=\"section\" data-settings=\"{&quot;stretch_section&quot;:&quot;section-stretched&quot;}\">\n\t\t\t\t\t\t<div class=\"elementor-container elementor-column-gap-default\">\n\t\t\t\t\t<div class=\"elementor-column elementor-col-50 elementor-top-column elementor-element elementor-element-1f800fb\" data-id=\"1f800fb\" data-element_type=\"column\">\n\t\t\t<div class=\"elementor-widget-wrap elementor-element-populated\">\n\t\t\t\t\t\t<div class=\"elementor-element elementor-element-e1f050e elementor-widget elementor-widget-heading\" data-id=\"e1f050e\" data-element_type=\"widget\" data-widget_type=\"heading.default\">\n\t\t\t\t<div class=\"elementor-widget-container\">\n\t\t\t<h2 class=\"elementor-heading-title elementor-size-default\">Cannes une ville pleine de surprise<\/h2>\t\t<\/div>\n\t\t\t\t<\/div>\n\t\t\t\t<div class=\"elementor-element elementor-element-f5f723c elementor-widget elementor-widget-text-editor\" data-id=\"f5f723c\" data-element_type=\"widget\" data-widget_type=\"text-editor.default\">\n\t\t\t\t<div class=\"elementor-widget-container\">\n\t\t\t\t\t\t\t<p>Cannes, capitale incontest\u00e9e du 7\u00e8me art, ne se limite pourtant pas aux strass et aux paillettes\u2009!\u00a0<\/p><p><span style=\"background: var(--white-color);\">Au-del\u00e0 du Festival et des plages bond\u00e9es, cet ancien village de p\u00eacheurs rec\u00e8le de nombreux tr\u00e9sors, souvent insoup\u00e7onn\u00e9s. <\/span><span style=\"background: var(--white-color);\">Aventurez-vous dans ses ruelles historiques comme le Suquet, d\u00e9couvrez les saveurs locales au march\u00e9 Forville, savourez des fruits de mer au Vieux Port, profitez de ses criques paradisiaques, de ses \u00eeles sauvages et de la gastronomie locale.<\/span><\/p><p><span style=\"color: #33cccc;\"><a style=\"color: #33cccc;\" href=\"https:\/\/www.cannes.com\/fr\/discover-cannes\/visiter-cannes.html\" target=\"_blank\" rel=\"noopener\">Cliquer pour voir le site officiel de Cannes afin de d\u00e9couvrir toutes les sorties incontournables<\/a><\/span><\/p>\t\t\t\t\t\t<\/div>\n\t\t\t\t<\/div>\n\t\t\t\t\t<\/div>\n\t\t<\/div>\n\t\t\t\t<div class=\"elementor-column elementor-col-50 elementor-top-column elementor-element elementor-element-b276c6b\" data-id=\"b276c6b\" data-element_type=\"column\">\n\t\t\t<div class=\"elementor-widget-wrap elementor-element-populated\">\n\t\t\t\t\t\t<div class=\"elementor-element elementor-element-80fb6fc elementor-arrows-position-inside elementor-pagination-position-outside elementor-invisible elementor-widget elementor-widget-image-carousel\" data-id=\"80fb6fc\" data-element_type=\"widget\" data-settings=\"{&quot;slides_to_show&quot;:&quot;1&quot;,&quot;effect&quot;:&quot;fade&quot;,&quot;_animation&quot;:&quot;fadeIn&quot;,&quot;navigation&quot;:&quot;both&quot;,&quot;autoplay&quot;:&quot;yes&quot;,&quot;pause_on_hover&quot;:&quot;yes&quot;,&quot;pause_on_interaction&quot;:&quot;yes&quot;,&quot;autoplay_speed&quot;:5000,&quot;infinite&quot;:&quot;yes&quot;,&quot;speed&quot;:500}\" data-widget_type=\"image-carousel.default\">\n\t\t\t\t<div class=\"elementor-widget-container\">\n\t\t\t\t\t<div class=\"elementor-image-carousel-wrapper swiper\" dir=\"ltr\">\n\t\t\t<div class=\"elementor-image-carousel swiper-wrapper swiper-image-stretch\" aria-live=\"off\">\n\t\t\t\t\t\t\t\t<div class=\"swiper-slide\" role=\"group\" aria-roledescription=\"slide\" aria-label=\"1 sur 5\"><figure class=\"swiper-slide-inner\"><img decoding=\"async\" class=\"swiper-slide-image\" src=\"https:\/\/happyhouse-loc.com\/wp-content\/uploads\/2023\/03\/BandeauCannesCroisetteJour-900x500.jpg\" alt=\"Cannes La croisette de jour\" \/><\/figure><\/div><div class=\"swiper-slide\" role=\"group\" aria-roledescription=\"slide\" aria-label=\"2 sur 5\"><figure class=\"swiper-slide-inner\"><img decoding=\"async\" class=\"swiper-slide-image\" src=\"https:\/\/happyhouse-loc.com\/wp-content\/uploads\/2023\/03\/BandeauCannesCroisette-900x500.jpg\" alt=\"Cannes La croisette de nuit\" \/><\/figure><\/div><div class=\"swiper-slide\" role=\"group\" aria-roledescription=\"slide\" aria-label=\"3 sur 5\"><figure class=\"swiper-slide-inner\"><img decoding=\"async\" class=\"swiper-slide-image\" src=\"https:\/\/happyhouse-loc.com\/wp-content\/uploads\/2023\/03\/SuquetCannes-900x500.jpg\" alt=\"\" \/><\/figure><\/div><div class=\"swiper-slide\" role=\"group\" aria-roledescription=\"slide\" aria-label=\"4 sur 5\"><figure class=\"swiper-slide-inner\"><img decoding=\"async\" class=\"swiper-slide-image\" src=\"https:\/\/happyhouse-loc.com\/wp-content\/uploads\/2023\/03\/marche-de-forville-Fruits-900x500.jpg\" alt=\"\" \/><\/figure><\/div><div class=\"swiper-slide\" role=\"group\" aria-roledescription=\"slide\" aria-label=\"5 sur 5\"><figure class=\"swiper-slide-inner\"><img decoding=\"async\" class=\"swiper-slide-image\" src=\"https:\/\/happyhouse-loc.com\/wp-content\/uploads\/2023\/03\/VieuxPortCannes.jpg\" alt=\"\" \/><\/figure><\/div>\t\t\t<\/div>\n\t\t\t\t\t\t\t\t\t\t\t\t<div class=\"elementor-swiper-button elementor-swiper-button-prev\" role=\"button\" tabindex=\"0\">\n\t\t\t\t\t\t<i aria-hidden=\"true\" class=\"eicon-chevron-left\"><\/i>\t\t\t\t\t<\/div>\n\t\t\t\t\t<div class=\"elementor-swiper-button elementor-swiper-button-next\" role=\"button\" tabindex=\"0\">\n\t\t\t\t\t\t<i aria-hidden=\"true\" class=\"eicon-chevron-right\"><\/i>\t\t\t\t\t<\/div>\n\t\t\t\t\n\t\t\t\t\t\t\t\t\t<div class=\"swiper-pagination\"><\/div>\n\t\t\t\t\t\t\t\t\t<\/div>\n\t\t\t\t<\/div>\n\t\t\t\t<\/div>\n\t\t\t\t\t<\/div>\n\t\t<\/div>\n\t\t\t\t\t<\/div>\n\t\t<\/section>\n\t\t\t\t<section class=\"elementor-section elementor-top-section elementor-element elementor-element-985999f elementor-section-full_width elementor-section-stretched elementor-section-height-default elementor-section-height-default\" data-id=\"985999f\" data-element_type=\"section\" data-settings=\"{&quot;stretch_section&quot;:&quot;section-stretched&quot;}\">\n\t\t\t\t\t\t<div class=\"elementor-container elementor-column-gap-default\">\n\t\t\t\t\t<div class=\"elementor-column elementor-col-100 elementor-top-column elementor-element elementor-element-6c948f0\" data-id=\"6c948f0\" data-element_type=\"column\">\n\t\t\t<div class=\"elementor-widget-wrap elementor-element-populated\">\n\t\t\t\t\t\t<div class=\"elementor-element elementor-element-e5b4144 elementor-widget-divider--view-line_icon elementor-view-default elementor-widget-divider--element-align-center elementor-widget elementor-widget-divider\" data-id=\"e5b4144\" data-element_type=\"widget\" data-widget_type=\"divider.default\">\n\t\t\t\t<div class=\"elementor-widget-container\">\n\t\t\t\t\t<div class=\"elementor-divider\">\n\t\t\t<span class=\"elementor-divider-separator\">\n\t\t\t\t\t\t\t<div class=\"elementor-icon elementor-divider__element\">\n\t\t\t\t\t<i aria-hidden=\"true\" class=\"fas fa-star\"><\/i><\/div>\n\t\t\t\t\t\t<\/span>\n\t\t<\/div>\n\t\t\t\t<\/div>\n\t\t\t\t<\/div>\n\t\t\t\t\t<\/div>\n\t\t<\/div>\n\t\t\t\t\t<\/div>\n\t\t<\/section>\n\t\t\t\t<section class=\"elementor-section elementor-top-section elementor-element elementor-element-ed2259c elementor-section-full_width elementor-section-stretched elementor-section-height-default elementor-section-height-default\" data-id=\"ed2259c\" data-element_type=\"section\" data-settings=\"{&quot;stretch_section&quot;:&quot;section-stretched&quot;}\">\n\t\t\t\t\t\t<div class=\"elementor-container elementor-column-gap-default\">\n\t\t\t\t\t<div class=\"elementor-column elementor-col-50 elementor-top-column elementor-element elementor-element-45ea8a6\" data-id=\"45ea8a6\" data-element_type=\"column\">\n\t\t\t<div class=\"elementor-widget-wrap elementor-element-populated\">\n\t\t\t\t\t\t<div class=\"elementor-element elementor-element-93152be elementor-arrows-position-inside elementor-pagination-position-outside elementor-invisible elementor-widget elementor-widget-image-carousel\" data-id=\"93152be\" data-element_type=\"widget\" data-settings=\"{&quot;slides_to_show&quot;:&quot;1&quot;,&quot;effect&quot;:&quot;fade&quot;,&quot;_animation&quot;:&quot;fadeIn&quot;,&quot;navigation&quot;:&quot;both&quot;,&quot;autoplay&quot;:&quot;yes&quot;,&quot;pause_on_hover&quot;:&quot;yes&quot;,&quot;pause_on_interaction&quot;:&quot;yes&quot;,&quot;autoplay_speed&quot;:5000,&quot;infinite&quot;:&quot;yes&quot;,&quot;speed&quot;:500}\" data-widget_type=\"image-carousel.default\">\n\t\t\t\t<div class=\"elementor-widget-container\">\n\t\t\t\t\t<div class=\"elementor-image-carousel-wrapper swiper\" dir=\"ltr\">\n\t\t\t<div class=\"elementor-image-carousel swiper-wrapper swiper-image-stretch\" aria-live=\"off\">\n\t\t\t\t\t\t\t\t<div class=\"swiper-slide\" role=\"group\" aria-roledescription=\"slide\" aria-label=\"1 sur 5\"><figure class=\"swiper-slide-inner\"><img decoding=\"async\" class=\"swiper-slide-image\" src=\"https:\/\/happyhouse-loc.com\/wp-content\/uploads\/2023\/03\/FestivalCannes-900x500.jpg\" alt=\"\" \/><\/figure><\/div><div class=\"swiper-slide\" role=\"group\" aria-roledescription=\"slide\" aria-label=\"2 sur 5\"><figure class=\"swiper-slide-inner\"><img decoding=\"async\" class=\"swiper-slide-image\" src=\"https:\/\/happyhouse-loc.com\/wp-content\/uploads\/2023\/03\/MIPIMCannes-800x500.jpg\" alt=\"\" \/><\/figure><\/div><div class=\"swiper-slide\" role=\"group\" aria-roledescription=\"slide\" aria-label=\"3 sur 5\"><figure class=\"swiper-slide-inner\"><img decoding=\"async\" class=\"swiper-slide-image\" src=\"https:\/\/happyhouse-loc.com\/wp-content\/uploads\/2023\/03\/CongresPalaisFestivalcannes-900x500.jpg\" alt=\"\" \/><\/figure><\/div><div class=\"swiper-slide\" role=\"group\" aria-roledescription=\"slide\" aria-label=\"4 sur 5\"><figure class=\"swiper-slide-inner\"><img decoding=\"async\" class=\"swiper-slide-image\" src=\"https:\/\/happyhouse-loc.com\/wp-content\/uploads\/2023\/03\/Palaisdesfestival-900x500.webp\" alt=\"\" \/><\/figure><\/div><div class=\"swiper-slide\" role=\"group\" aria-roledescription=\"slide\" aria-label=\"5 sur 5\"><figure class=\"swiper-slide-inner\"><img decoding=\"async\" class=\"swiper-slide-image\" src=\"https:\/\/happyhouse-loc.com\/wp-content\/uploads\/2023\/03\/Cannes-Film-Festival-900x500.jpg\" alt=\"\" \/><\/figure><\/div>\t\t\t<\/div>\n\t\t\t\t\t\t\t\t\t\t\t\t<div class=\"elementor-swiper-button elementor-swiper-button-prev\" role=\"button\" tabindex=\"0\">\n\t\t\t\t\t\t<i aria-hidden=\"true\" class=\"eicon-chevron-left\"><\/i>\t\t\t\t\t<\/div>\n\t\t\t\t\t<div class=\"elementor-swiper-button elementor-swiper-button-next\" role=\"button\" tabindex=\"0\">\n\t\t\t\t\t\t<i aria-hidden=\"true\" class=\"eicon-chevron-right\"><\/i>\t\t\t\t\t<\/div>\n\t\t\t\t\n\t\t\t\t\t\t\t\t\t<div class=\"swiper-pagination\"><\/div>\n\t\t\t\t\t\t\t\t\t<\/div>\n\t\t\t\t<\/div>\n\t\t\t\t<\/div>\n\t\t\t\t\t<\/div>\n\t\t<\/div>\n\t\t\t\t<div class=\"elementor-column elementor-col-50 elementor-top-column elementor-element elementor-element-4d301aa\" data-id=\"4d301aa\" data-element_type=\"column\">\n\t\t\t<div class=\"elementor-widget-wrap elementor-element-populated\">\n\t\t\t\t\t\t<div class=\"elementor-element elementor-element-4d86443 elementor-widget elementor-widget-heading\" data-id=\"4d86443\" data-element_type=\"widget\" data-widget_type=\"heading.default\">\n\t\t\t\t<div class=\"elementor-widget-container\">\n\t\t\t<h2 class=\"elementor-heading-title elementor-size-default\">Le Palais des Festival<\/h2>\t\t<\/div>\n\t\t\t\t<\/div>\n\t\t\t\t<div class=\"elementor-element elementor-element-bde9219 elementor-widget elementor-widget-text-editor\" data-id=\"bde9219\" data-element_type=\"widget\" data-widget_type=\"text-editor.default\">\n\t\t\t\t<div class=\"elementor-widget-container\">\n\t\t\t\t\t\t\t<p>Mais que serait Cannes sans le Palais des Festivals ?\u00a0<\/p><p>Vous ne pourrez venir \u00e0 Cannes sans poser le pied sur l\u2019une des 24 marches les plus c\u00e9l\u00e8bres du monde ! Mais pour autant, le Palais ne s\u2019arr\u00eate pas au Festival et \u00e0 sa mont\u00e9e des marches. Il r\u00e9serve bien d\u2019autres surprises : MIPIM &#8211; MIPCOM &#8211; MIPTV &#8211;\u00a0CONFERENCE TEDX CANNES&#8230;<\/p><p>Une programmation culturelle riche et \u00e9clectique anime les lieux toute l\u2019ann\u00e9e et re\u00e7oit le public dans son \u00e9crin mythique.<\/p><p><span style=\"color: #33cccc;\"><a style=\"color: #33cccc;\" href=\"https:\/\/www.palaisdesfestivals.com\/agenda-tous-les-evenements-business-du-palais\" target=\"_blank\" rel=\"noopener\">Retrouvez toutes les dates des congr\u00e8s ici<\/a><\/span><\/p>\t\t\t\t\t\t<\/div>\n\t\t\t\t<\/div>\n\t\t\t\t\t<\/div>\n\t\t<\/div>\n\t\t\t\t\t<\/div>\n\t\t<\/section>\n\t\t\t\t<\/div>\n\t\t","protected":false},"excerpt":{"rendered":"<p>Bienvenue \u00e0 Cannes Cannes une ville pleine de surprise Cannes, capitale incontest\u00e9e du 7\u00e8me art, ne se limite pourtant pas aux strass et aux paillettes\u2009!\u00a0 Au-del\u00e0 du Festival et des plages bond\u00e9es, cet ancien village &hellip; <\/p>\n","protected":false},"author":1,"featured_media":0,"parent":0,"menu_order":0,"comment_status":"closed","ping_status":"closed","template":"","meta":{"footnotes":""},"class_list":["post-646","page","type-page","status-publish","hentry","latest_post"],"yoast_head":"<!-- This site is optimized with the Yoast SEO plugin v23.6 - https:\/\/yoast.com\/wordpress\/plugins\/seo\/ -->\n<title>Cannes - Happy House Location<\/title>\n<meta name=\"robots\" content=\"index, follow, max-snippet:-1, max-image-preview:large, max-video-preview:-1\" \/>\n<link rel=\"canonical\" href=\"https:\/\/happyhouse-loc.com\/index.php\/cannes-2\/\" \/>\n<meta property=\"og:locale\" content=\"fr_FR\" \/>\n<meta property=\"og:type\" content=\"article\" \/>\n<meta property=\"og:title\" content=\"Cannes - Happy House Location\" \/>\n<meta property=\"og:description\" content=\"Bienvenue \u00e0 Cannes Cannes une ville pleine de surprise Cannes, capitale incontest\u00e9e du 7\u00e8me art, ne se limite pourtant pas aux strass et aux paillettes\u2009!\u00a0 Au-del\u00e0 du Festival et des plages bond\u00e9es, cet ancien village &hellip;\" \/>\n<meta property=\"og:url\" content=\"https:\/\/happyhouse-loc.com\/index.php\/cannes-2\/\" \/>\n<meta property=\"og:site_name\" content=\"Happy House Location\" \/>\n<meta property=\"article:modified_time\" content=\"2023-04-12T17:03:56+00:00\" \/>\n<meta property=\"og:image\" content=\"https:\/\/happyhouse-loc.com\/wp-content\/uploads\/2023\/03\/BandeauCannesCroisetteJour-900x500.jpg\" \/>\n<meta name=\"twitter:card\" content=\"summary_large_image\" \/>\n<meta name=\"twitter:label1\" content=\"Dur\u00e9e de lecture estim\u00e9e\" \/>\n\t<meta name=\"twitter:data1\" content=\"4 minutes\" \/>\n<script type=\"application\/ld+json\" class=\"yoast-schema-graph\">{\"@context\":\"https:\/\/schema.org\",\"@graph\":[{\"@type\":\"WebPage\",\"@id\":\"https:\/\/happyhouse-loc.com\/index.php\/cannes-2\/\",\"url\":\"https:\/\/happyhouse-loc.com\/index.php\/cannes-2\/\",\"name\":\"Cannes - Happy House Location\",\"isPartOf\":{\"@id\":\"https:\/\/happyhouse-loc.com\/#website\"},\"primaryImageOfPage\":{\"@id\":\"https:\/\/happyhouse-loc.com\/index.php\/cannes-2\/#primaryimage\"},\"image\":{\"@id\":\"https:\/\/happyhouse-loc.com\/index.php\/cannes-2\/#primaryimage\"},\"thumbnailUrl\":\"https:\/\/happyhouse-loc.com\/wp-content\/uploads\/2023\/03\/BandeauCannesCroisetteJour-900x500.jpg\",\"datePublished\":\"2023-03-08T18:31:11+00:00\",\"dateModified\":\"2023-04-12T17:03:56+00:00\",\"breadcrumb\":{\"@id\":\"https:\/\/happyhouse-loc.com\/index.php\/cannes-2\/#breadcrumb\"},\"inLanguage\":\"fr-FR\",\"potentialAction\":[{\"@type\":\"ReadAction\",\"target\":[\"https:\/\/happyhouse-loc.com\/index.php\/cannes-2\/\"]}]},{\"@type\":\"ImageObject\",\"inLanguage\":\"fr-FR\",\"@id\":\"https:\/\/happyhouse-loc.com\/index.php\/cannes-2\/#primaryimage\",\"url\":\"https:\/\/happyhouse-loc.com\/wp-content\/uploads\/2023\/03\/BandeauCannesCroisetteJour.jpg\",\"contentUrl\":\"https:\/\/happyhouse-loc.com\/wp-content\/uploads\/2023\/03\/BandeauCannesCroisetteJour.jpg\",\"width\":1920,\"height\":960,\"caption\":\"Cannes La croisette de jour\"},{\"@type\":\"BreadcrumbList\",\"@id\":\"https:\/\/happyhouse-loc.com\/index.php\/cannes-2\/#breadcrumb\",\"itemListElement\":[{\"@type\":\"ListItem\",\"position\":1,\"name\":\"Accueil\",\"item\":\"https:\/\/happyhouse-loc.com\/\"},{\"@type\":\"ListItem\",\"position\":2,\"name\":\"Cannes\"}]},{\"@type\":\"WebSite\",\"@id\":\"https:\/\/happyhouse-loc.com\/#website\",\"url\":\"https:\/\/happyhouse-loc.com\/\",\"name\":\"Happy House Location\",\"description\":\"\",\"publisher\":{\"@id\":\"https:\/\/happyhouse-loc.com\/#organization\"},\"potentialAction\":[{\"@type\":\"SearchAction\",\"target\":{\"@type\":\"EntryPoint\",\"urlTemplate\":\"https:\/\/happyhouse-loc.com\/?s={search_term_string}\"},\"query-input\":{\"@type\":\"PropertyValueSpecification\",\"valueRequired\":true,\"valueName\":\"search_term_string\"}}],\"inLanguage\":\"fr-FR\"},{\"@type\":\"Organization\",\"@id\":\"https:\/\/happyhouse-loc.com\/#organization\",\"name\":\"Happy House Location\",\"url\":\"https:\/\/happyhouse-loc.com\/\",\"logo\":{\"@type\":\"ImageObject\",\"inLanguage\":\"fr-FR\",\"@id\":\"https:\/\/happyhouse-loc.com\/#\/schema\/logo\/image\/\",\"url\":\"https:\/\/happyhouse-loc.com\/wp-content\/uploads\/2023\/03\/cropped-HappyHouseLogo-3-2.png\",\"contentUrl\":\"https:\/\/happyhouse-loc.com\/wp-content\/uploads\/2023\/03\/cropped-HappyHouseLogo-3-2.png\",\"width\":1716,\"height\":1182,\"caption\":\"Happy House Location\"},\"image\":{\"@id\":\"https:\/\/happyhouse-loc.com\/#\/schema\/logo\/image\/\"}}]}<\/script>\n<!-- \/ Yoast SEO plugin. -->","yoast_head_json":{"title":"Cannes - Happy House Location","robots":{"index":"index","follow":"follow","max-snippet":"max-snippet:-1","max-image-preview":"max-image-preview:large","max-video-preview":"max-video-preview:-1"},"canonical":"https:\/\/happyhouse-loc.com\/index.php\/cannes-2\/","og_locale":"fr_FR","og_type":"article","og_title":"Cannes - Happy House Location","og_description":"Bienvenue \u00e0 Cannes Cannes une ville pleine de surprise Cannes, capitale incontest\u00e9e du 7\u00e8me art, ne se limite pourtant pas aux strass et aux paillettes\u2009!\u00a0 Au-del\u00e0 du Festival et des plages bond\u00e9es, cet ancien village &hellip;","og_url":"https:\/\/happyhouse-loc.com\/index.php\/cannes-2\/","og_site_name":"Happy House Location","article_modified_time":"2023-04-12T17:03:56+00:00","og_image":[{"url":"https:\/\/happyhouse-loc.com\/wp-content\/uploads\/2023\/03\/BandeauCannesCroisetteJour-900x500.jpg"}],"twitter_card":"summary_large_image","twitter_misc":{"Dur\u00e9e de lecture estim\u00e9e":"4 minutes"},"schema":{"@context":"https:\/\/schema.org","@graph":[{"@type":"WebPage","@id":"https:\/\/happyhouse-loc.com\/index.php\/cannes-2\/","url":"https:\/\/happyhouse-loc.com\/index.php\/cannes-2\/","name":"Cannes - Happy House Location","isPartOf":{"@id":"https:\/\/happyhouse-loc.com\/#website"},"primaryImageOfPage":{"@id":"https:\/\/happyhouse-loc.com\/index.php\/cannes-2\/#primaryimage"},"image":{"@id":"https:\/\/happyhouse-loc.com\/index.php\/cannes-2\/#primaryimage"},"thumbnailUrl":"https:\/\/happyhouse-loc.com\/wp-content\/uploads\/2023\/03\/BandeauCannesCroisetteJour-900x500.jpg","datePublished":"2023-03-08T18:31:11+00:00","dateModified":"2023-04-12T17:03:56+00:00","breadcrumb":{"@id":"https:\/\/happyhouse-loc.com\/index.php\/cannes-2\/#breadcrumb"},"inLanguage":"fr-FR","potentialAction":[{"@type":"ReadAction","target":["https:\/\/happyhouse-loc.com\/index.php\/cannes-2\/"]}]},{"@type":"ImageObject","inLanguage":"fr-FR","@id":"https:\/\/happyhouse-loc.com\/index.php\/cannes-2\/#primaryimage","url":"https:\/\/happyhouse-loc.com\/wp-content\/uploads\/2023\/03\/BandeauCannesCroisetteJour.jpg","contentUrl":"https:\/\/happyhouse-loc.com\/wp-content\/uploads\/2023\/03\/BandeauCannesCroisetteJour.jpg","width":1920,"height":960,"caption":"Cannes La croisette de jour"},{"@type":"BreadcrumbList","@id":"https:\/\/happyhouse-loc.com\/index.php\/cannes-2\/#breadcrumb","itemListElement":[{"@type":"ListItem","position":1,"name":"Accueil","item":"https:\/\/happyhouse-loc.com\/"},{"@type":"ListItem","position":2,"name":"Cannes"}]},{"@type":"WebSite","@id":"https:\/\/happyhouse-loc.com\/#website","url":"https:\/\/happyhouse-loc.com\/","name":"Happy House Location","description":"","publisher":{"@id":"https:\/\/happyhouse-loc.com\/#organization"},"potentialAction":[{"@type":"SearchAction","target":{"@type":"EntryPoint","urlTemplate":"https:\/\/happyhouse-loc.com\/?s={search_term_string}"},"query-input":{"@type":"PropertyValueSpecification","valueRequired":true,"valueName":"search_term_string"}}],"inLanguage":"fr-FR"},{"@type":"Organization","@id":"https:\/\/happyhouse-loc.com\/#organization","name":"Happy House Location","url":"https:\/\/happyhouse-loc.com\/","logo":{"@type":"ImageObject","inLanguage":"fr-FR","@id":"https:\/\/happyhouse-loc.com\/#\/schema\/logo\/image\/","url":"https:\/\/happyhouse-loc.com\/wp-content\/uploads\/2023\/03\/cropped-HappyHouseLogo-3-2.png","contentUrl":"https:\/\/happyhouse-loc.com\/wp-content\/uploads\/2023\/03\/cropped-HappyHouseLogo-3-2.png","width":1716,"height":1182,"caption":"Happy House Location"},"image":{"@id":"https:\/\/happyhouse-loc.com\/#\/schema\/logo\/image\/"}}]}},"_links":{"self":[{"href":"https:\/\/happyhouse-loc.com\/index.php\/wp-json\/wp\/v2\/pages\/646","targetHints":{"allow":["GET"]}}],"collection":[{"href":"https:\/\/happyhouse-loc.com\/index.php\/wp-json\/wp\/v2\/pages"}],"about":[{"href":"https:\/\/happyhouse-loc.com\/index.php\/wp-json\/wp\/v2\/types\/page"}],"author":[{"embeddable":true,"href":"https:\/\/happyhouse-loc.com\/index.php\/wp-json\/wp\/v2\/users\/1"}],"replies":[{"embeddable":true,"href":"https:\/\/happyhouse-loc.com\/index.php\/wp-json\/wp\/v2\/comments?post=646"}],"version-history":[{"count":47,"href":"https:\/\/happyhouse-loc.com\/index.php\/wp-json\/wp\/v2\/pages\/646\/revisions"}],"predecessor-version":[{"id":1737,"href":"https:\/\/happyhouse-loc.com\/index.php\/wp-json\/wp\/v2\/pages\/646\/revisions\/1737"}],"wp:attachment":[{"href":"https:\/\/happyhouse-loc.com\/index.php\/wp-json\/wp\/v2\/media?parent=646"}],"curies":[{"name":"wp","href":"https:\/\/api.w.org\/{rel}","templated":true}]}}