{"id":579,"date":"2023-03-08T17:49:20","date_gmt":"2023-03-08T16:49:20","guid":{"rendered":"https:\/\/happyhouse-loc.com\/?page_id=579"},"modified":"2023-05-07T12:02:06","modified_gmt":"2023-05-07T10:02:06","slug":"mandelieu-la-napoule-2","status":"publish","type":"page","link":"https:\/\/happyhouse-loc.com\/index.php\/mandelieu-la-napoule-2\/","title":{"rendered":"Mandelieu-la Napoule"},"content":{"rendered":"\t\t<div data-elementor-type=\"wp-page\" data-elementor-id=\"579\" class=\"elementor elementor-579\" data-elementor-post-type=\"page\">\n\t\t\t\t\t\t<section class=\"elementor-section elementor-top-section elementor-element elementor-element-42bde34 elementor-section-full_width elementor-section-stretched elementor-section-height-default elementor-section-height-default\" data-id=\"42bde34\" data-element_type=\"section\" data-settings=\"{&quot;stretch_section&quot;:&quot;section-stretched&quot;,&quot;background_background&quot;:&quot;slideshow&quot;,&quot;background_slideshow_gallery&quot;:[{&quot;id&quot;:466,&quot;url&quot;:&quot;https:\\\/\\\/happyhouse-loc.com\\\/wp-content\\\/uploads\\\/2023\\\/03\\\/BandeauHappyHouseChateau.jpg&quot;},{&quot;id&quot;:467,&quot;url&quot;:&quot;https:\\\/\\\/happyhouse-loc.com\\\/wp-content\\\/uploads\\\/2023\\\/03\\\/BandeauHappyHouseMandelieu.jpg&quot;}],&quot;background_slideshow_ken_burns&quot;:&quot;yes&quot;,&quot;background_slideshow_loop&quot;:&quot;yes&quot;,&quot;background_slideshow_slide_duration&quot;:5000,&quot;background_slideshow_slide_transition&quot;:&quot;fade&quot;,&quot;background_slideshow_transition_duration&quot;:500,&quot;background_slideshow_ken_burns_zoom_direction&quot;:&quot;in&quot;}\">\n\t\t\t\t\t\t\t<div class=\"elementor-background-overlay\"><\/div>\n\t\t\t\t\t\t\t<div class=\"elementor-container elementor-column-gap-default\">\n\t\t\t\t\t<div class=\"elementor-column elementor-col-100 elementor-top-column elementor-element elementor-element-6ab9fff\" data-id=\"6ab9fff\" data-element_type=\"column\">\n\t\t\t<div class=\"elementor-widget-wrap elementor-element-populated\">\n\t\t\t\t\t\t<div class=\"elementor-element elementor-element-89efab4 elementor-widget elementor-widget-heading\" data-id=\"89efab4\" data-element_type=\"widget\" data-widget_type=\"heading.default\">\n\t\t\t\t<div class=\"elementor-widget-container\">\n\t\t\t<h2 class=\"elementor-heading-title elementor-size-default\">Bienvenue \u00e0 Mandelieu-La Napoule<\/h2>\t\t<\/div>\n\t\t\t\t<\/div>\n\t\t\t\t\t<\/div>\n\t\t<\/div>\n\t\t\t\t\t<\/div>\n\t\t<\/section>\n\t\t\t\t<section class=\"elementor-section elementor-top-section elementor-element elementor-element-d41bbdd elementor-section-full_width elementor-section-stretched elementor-section-height-default elementor-section-height-default\" data-id=\"d41bbdd\" data-element_type=\"section\" data-settings=\"{&quot;stretch_section&quot;:&quot;section-stretched&quot;}\">\n\t\t\t\t\t\t<div class=\"elementor-container elementor-column-gap-default\">\n\t\t\t\t\t<div class=\"elementor-column elementor-col-50 elementor-top-column elementor-element elementor-element-1f800fb\" data-id=\"1f800fb\" data-element_type=\"column\">\n\t\t\t<div class=\"elementor-widget-wrap elementor-element-populated\">\n\t\t\t\t\t\t<div class=\"elementor-element elementor-element-e1f050e elementor-widget elementor-widget-heading\" data-id=\"e1f050e\" data-element_type=\"widget\" data-widget_type=\"heading.default\">\n\t\t\t\t<div class=\"elementor-widget-container\">\n\t\t\t<h2 class=\"elementor-heading-title elementor-size-default\">Mandelieu-la Napoule<\/h2>\t\t<\/div>\n\t\t\t\t<\/div>\n\t\t\t\t<div class=\"elementor-element elementor-element-f5f723c elementor-widget elementor-widget-text-editor\" data-id=\"f5f723c\" data-element_type=\"widget\" data-widget_type=\"text-editor.default\">\n\t\t\t\t<div class=\"elementor-widget-container\">\n\t\t\t\t\t\t\t<p>Commune du littoral m\u00e9diterran\u00e9en et des Alpes-Maritimes, Mandelieu-La Napoule est id\u00e9alement situ\u00e9e entre Siagne et Grande Bleue, au pied du massif de l\u2019Est\u00e9rel et du Tanneron, massif qui d\u00e9veloppe, en son \u00e9crin, la majestueuse for\u00eat du mimosa. Le mimosa, v\u00e9ritable \u00ab\u00a0soleil d&rsquo;hiver\u00a0\u00bb, est c\u00e9l\u00e9br\u00e9, tous les ans en f\u00e9vrier, au travers d&rsquo;une grande liesse populaire ; p\u00e9riode durant laquelle ces petits soleils illuminent nos collines et enivrent de leurs effluves les sens des r\u00e9sidents&#8230;<span style=\"background: var(--white-color);\">Notre commune est riche d\u2019un patrimoine naturel tr\u00e8s dense. Avec 1 300 hectares de for\u00eats et 310 hectares d\u2019espaces verts, Mandelieu-La Napoule est l\u2019une des villes la plus verte du littoral.<\/span><\/p><p><span style=\"color: #33cccc;\"><a style=\"color: #33cccc;\" href=\"https:\/\/www.mandelieu-tourisme.com\" target=\"_blank\" rel=\"noopener\">Cliquez pour retrouver toutes les manifestations et salons sur le site de\u00a0l&rsquo;office du tourisme de Mandelieu<\/a><\/span><\/p>\t\t\t\t\t\t<\/div>\n\t\t\t\t<\/div>\n\t\t\t\t\t<\/div>\n\t\t<\/div>\n\t\t\t\t<div class=\"elementor-column elementor-col-50 elementor-top-column elementor-element elementor-element-b276c6b\" data-id=\"b276c6b\" data-element_type=\"column\">\n\t\t\t<div class=\"elementor-widget-wrap elementor-element-populated\">\n\t\t\t\t\t\t<div class=\"elementor-element elementor-element-7c3b230 elementor-widget elementor-widget-image\" data-id=\"7c3b230\" data-element_type=\"widget\" data-widget_type=\"image.default\">\n\t\t\t\t<div class=\"elementor-widget-container\">\n\t\t\t\t\t\t\t\t\t\t\t\t\t<img decoding=\"async\" src=\"https:\/\/happyhouse-loc.com\/wp-content\/uploads\/elementor\/thumbs\/EsterelMandelieu-q382agi00n6aj520mzy1ykio3hr04wqrqptqii8nvo.jpg\" title=\"EsterelMandelieu\" alt=\"L&#039;esterel de Mandelieu La napoule\" loading=\"lazy\" \/>\t\t\t\t\t\t\t\t\t\t\t\t\t<\/div>\n\t\t\t\t<\/div>\n\t\t\t\t\t<\/div>\n\t\t<\/div>\n\t\t\t\t\t<\/div>\n\t\t<\/section>\n\t\t\t\t<section class=\"elementor-section elementor-top-section elementor-element elementor-element-985999f elementor-section-full_width elementor-section-stretched elementor-section-height-default elementor-section-height-default\" data-id=\"985999f\" data-element_type=\"section\" data-settings=\"{&quot;stretch_section&quot;:&quot;section-stretched&quot;}\">\n\t\t\t\t\t\t<div class=\"elementor-container elementor-column-gap-default\">\n\t\t\t\t\t<div class=\"elementor-column elementor-col-100 elementor-top-column elementor-element elementor-element-6c948f0\" data-id=\"6c948f0\" data-element_type=\"column\">\n\t\t\t<div class=\"elementor-widget-wrap elementor-element-populated\">\n\t\t\t\t\t\t<div class=\"elementor-element elementor-element-e5b4144 elementor-widget-divider--view-line_icon elementor-view-default elementor-widget-divider--element-align-center elementor-widget elementor-widget-divider\" data-id=\"e5b4144\" data-element_type=\"widget\" data-widget_type=\"divider.default\">\n\t\t\t\t<div class=\"elementor-widget-container\">\n\t\t\t\t\t<div class=\"elementor-divider\">\n\t\t\t<span class=\"elementor-divider-separator\">\n\t\t\t\t\t\t\t<div class=\"elementor-icon elementor-divider__element\">\n\t\t\t\t\t<i aria-hidden=\"true\" class=\"fas fa-star\"><\/i><\/div>\n\t\t\t\t\t\t<\/span>\n\t\t<\/div>\n\t\t\t\t<\/div>\n\t\t\t\t<\/div>\n\t\t\t\t\t<\/div>\n\t\t<\/div>\n\t\t\t\t\t<\/div>\n\t\t<\/section>\n\t\t\t\t<section class=\"elementor-section elementor-top-section elementor-element elementor-element-ed2259c elementor-section-full_width elementor-section-stretched elementor-section-height-default elementor-section-height-default\" data-id=\"ed2259c\" data-element_type=\"section\" data-settings=\"{&quot;stretch_section&quot;:&quot;section-stretched&quot;}\">\n\t\t\t\t\t\t<div class=\"elementor-container elementor-column-gap-default\">\n\t\t\t\t\t<div class=\"elementor-column elementor-col-50 elementor-top-column elementor-element elementor-element-45ea8a6\" data-id=\"45ea8a6\" data-element_type=\"column\">\n\t\t\t<div class=\"elementor-widget-wrap elementor-element-populated\">\n\t\t\t\t\t\t<div class=\"elementor-element elementor-element-bb14d2a elementor-widget elementor-widget-image\" data-id=\"bb14d2a\" data-element_type=\"widget\" data-widget_type=\"image.default\">\n\t\t\t\t<div class=\"elementor-widget-container\">\n\t\t\t\t\t\t\t\t\t\t\t\t\t<img fetchpriority=\"high\" decoding=\"async\" width=\"800\" height=\"530\" src=\"https:\/\/happyhouse-loc.com\/wp-content\/uploads\/2023\/03\/BandeauHappyHouseChateau-800x530.jpg\" class=\"attachment-chic-lite-featured-four size-chic-lite-featured-four wp-image-466\" alt=\"Bandeau Happy House Location Le ch\u00e2teau de la napoule\" \/>\t\t\t\t\t\t\t\t\t\t\t\t\t<\/div>\n\t\t\t\t<\/div>\n\t\t\t\t\t<\/div>\n\t\t<\/div>\n\t\t\t\t<div class=\"elementor-column elementor-col-50 elementor-top-column elementor-element elementor-element-4d301aa\" data-id=\"4d301aa\" data-element_type=\"column\">\n\t\t\t<div class=\"elementor-widget-wrap elementor-element-populated\">\n\t\t\t\t\t\t<div class=\"elementor-element elementor-element-4d86443 elementor-widget elementor-widget-heading\" data-id=\"4d86443\" data-element_type=\"widget\" data-widget_type=\"heading.default\">\n\t\t\t\t<div class=\"elementor-widget-container\">\n\t\t\t<h2 class=\"elementor-heading-title elementor-size-default\">Le Ch\u00e2teau de La Napoule<\/h2>\t\t<\/div>\n\t\t\t\t<\/div>\n\t\t\t\t<div class=\"elementor-element elementor-element-bde9219 elementor-widget elementor-widget-text-editor\" data-id=\"bde9219\" data-element_type=\"widget\" data-widget_type=\"text-editor.default\">\n\t\t\t\t<div class=\"elementor-widget-container\">\n\t\t\t\t\t\t\t<p>Le Ch\u00e2teau de La Napoule abrite et pr\u00e9serve l\u2019h\u00e9ritage culturel et historique de Henry et Marie Clews, couple d\u2019artistes-m\u00e9c\u00e8nes am\u00e9ricains.<\/p><p>D\u00e9di\u00e9 \u00e0 la promotion des arts et des \u00e9changes culturels internationaux, le Clews Center for the Arts s\u2019emploi \u00e0 soutenir et inspirer les talents et la cr\u00e9ation artistique dont le monde d\u2019aujourd\u2019hui \u00e0 tant besoin.<\/p><p><span style=\"color: #33cccc;\"><a style=\"color: #33cccc;\" href=\"http:\/\/www.chateau-lanapoule.com\" target=\"_blank\" rel=\"noopener\">Cliquez ici pour d\u00e9couvrir toutes les informations pour pr\u00e9parer votre visite<\/a><\/span><\/p>\t\t\t\t\t\t<\/div>\n\t\t\t\t<\/div>\n\t\t\t\t\t<\/div>\n\t\t<\/div>\n\t\t\t\t\t<\/div>\n\t\t<\/section>\n\t\t\t\t<\/div>\n\t\t","protected":false},"excerpt":{"rendered":"<p>Bienvenue \u00e0 Mandelieu-La Napoule Mandelieu-la Napoule Commune du littoral m\u00e9diterran\u00e9en et des Alpes-Maritimes, Mandelieu-La Napoule est id\u00e9alement situ\u00e9e entre Siagne et Grande Bleue, au pied du massif de l\u2019Est\u00e9rel et du Tanneron, massif qui d\u00e9veloppe, &hellip; <\/p>\n","protected":false},"author":1,"featured_media":0,"parent":0,"menu_order":0,"comment_status":"closed","ping_status":"closed","template":"","meta":{"footnotes":""},"class_list":["post-579","page","type-page","status-publish","hentry","latest_post"],"yoast_head":"<!-- This site is optimized with the Yoast SEO plugin v23.6 - https:\/\/yoast.com\/wordpress\/plugins\/seo\/ -->\n<title>Mandelieu-la Napoule - Happy House Location<\/title>\n<meta name=\"robots\" content=\"index, follow, max-snippet:-1, max-image-preview:large, max-video-preview:-1\" \/>\n<link rel=\"canonical\" href=\"https:\/\/happyhouse-loc.com\/index.php\/mandelieu-la-napoule-2\/\" \/>\n<meta property=\"og:locale\" content=\"fr_FR\" \/>\n<meta property=\"og:type\" content=\"article\" \/>\n<meta property=\"og:title\" content=\"Mandelieu-la Napoule - Happy House Location\" \/>\n<meta property=\"og:description\" content=\"Bienvenue \u00e0 Mandelieu-La Napoule Mandelieu-la Napoule Commune du littoral m\u00e9diterran\u00e9en et des Alpes-Maritimes, Mandelieu-La Napoule est id\u00e9alement situ\u00e9e entre Siagne et Grande Bleue, au pied du massif de l\u2019Est\u00e9rel et du Tanneron, massif qui d\u00e9veloppe, &hellip;\" \/>\n<meta property=\"og:url\" content=\"https:\/\/happyhouse-loc.com\/index.php\/mandelieu-la-napoule-2\/\" \/>\n<meta property=\"og:site_name\" content=\"Happy House Location\" \/>\n<meta property=\"article:modified_time\" content=\"2023-05-07T10:02:06+00:00\" \/>\n<meta property=\"og:image\" content=\"https:\/\/happyhouse-loc.com\/wp-content\/uploads\/elementor\/thumbs\/EsterelMandelieu-q382agi00n6aj520mzy1ykio3hr04wqrqptqii8nvo.jpg\" \/>\n<meta name=\"twitter:card\" content=\"summary_large_image\" \/>\n<meta name=\"twitter:label1\" content=\"Dur\u00e9e de lecture estim\u00e9e\" \/>\n\t<meta name=\"twitter:data1\" content=\"2 minutes\" \/>\n<script type=\"application\/ld+json\" class=\"yoast-schema-graph\">{\"@context\":\"https:\/\/schema.org\",\"@graph\":[{\"@type\":\"WebPage\",\"@id\":\"https:\/\/happyhouse-loc.com\/index.php\/mandelieu-la-napoule-2\/\",\"url\":\"https:\/\/happyhouse-loc.com\/index.php\/mandelieu-la-napoule-2\/\",\"name\":\"Mandelieu-la Napoule - Happy House Location\",\"isPartOf\":{\"@id\":\"https:\/\/happyhouse-loc.com\/#website\"},\"primaryImageOfPage\":{\"@id\":\"https:\/\/happyhouse-loc.com\/index.php\/mandelieu-la-napoule-2\/#primaryimage\"},\"image\":{\"@id\":\"https:\/\/happyhouse-loc.com\/index.php\/mandelieu-la-napoule-2\/#primaryimage\"},\"thumbnailUrl\":\"https:\/\/happyhouse-loc.com\/wp-content\/uploads\/elementor\/thumbs\/EsterelMandelieu-q382agi00n6aj520mzy1ykio3hr04wqrqptqii8nvo.jpg\",\"datePublished\":\"2023-03-08T16:49:20+00:00\",\"dateModified\":\"2023-05-07T10:02:06+00:00\",\"breadcrumb\":{\"@id\":\"https:\/\/happyhouse-loc.com\/index.php\/mandelieu-la-napoule-2\/#breadcrumb\"},\"inLanguage\":\"fr-FR\",\"potentialAction\":[{\"@type\":\"ReadAction\",\"target\":[\"https:\/\/happyhouse-loc.com\/index.php\/mandelieu-la-napoule-2\/\"]}]},{\"@type\":\"ImageObject\",\"inLanguage\":\"fr-FR\",\"@id\":\"https:\/\/happyhouse-loc.com\/index.php\/mandelieu-la-napoule-2\/#primaryimage\",\"url\":\"https:\/\/happyhouse-loc.com\/wp-content\/uploads\/elementor\/thumbs\/EsterelMandelieu-q382agi00n6aj520mzy1ykio3hr04wqrqptqii8nvo.jpg\",\"contentUrl\":\"https:\/\/happyhouse-loc.com\/wp-content\/uploads\/elementor\/thumbs\/EsterelMandelieu-q382agi00n6aj520mzy1ykio3hr04wqrqptqii8nvo.jpg\"},{\"@type\":\"BreadcrumbList\",\"@id\":\"https:\/\/happyhouse-loc.com\/index.php\/mandelieu-la-napoule-2\/#breadcrumb\",\"itemListElement\":[{\"@type\":\"ListItem\",\"position\":1,\"name\":\"Accueil\",\"item\":\"https:\/\/happyhouse-loc.com\/\"},{\"@type\":\"ListItem\",\"position\":2,\"name\":\"Mandelieu-la Napoule\"}]},{\"@type\":\"WebSite\",\"@id\":\"https:\/\/happyhouse-loc.com\/#website\",\"url\":\"https:\/\/happyhouse-loc.com\/\",\"name\":\"Happy House Location\",\"description\":\"\",\"publisher\":{\"@id\":\"https:\/\/happyhouse-loc.com\/#organization\"},\"potentialAction\":[{\"@type\":\"SearchAction\",\"target\":{\"@type\":\"EntryPoint\",\"urlTemplate\":\"https:\/\/happyhouse-loc.com\/?s={search_term_string}\"},\"query-input\":{\"@type\":\"PropertyValueSpecification\",\"valueRequired\":true,\"valueName\":\"search_term_string\"}}],\"inLanguage\":\"fr-FR\"},{\"@type\":\"Organization\",\"@id\":\"https:\/\/happyhouse-loc.com\/#organization\",\"name\":\"Happy House Location\",\"url\":\"https:\/\/happyhouse-loc.com\/\",\"logo\":{\"@type\":\"ImageObject\",\"inLanguage\":\"fr-FR\",\"@id\":\"https:\/\/happyhouse-loc.com\/#\/schema\/logo\/image\/\",\"url\":\"https:\/\/happyhouse-loc.com\/wp-content\/uploads\/2023\/03\/cropped-HappyHouseLogo-3-2.png\",\"contentUrl\":\"https:\/\/happyhouse-loc.com\/wp-content\/uploads\/2023\/03\/cropped-HappyHouseLogo-3-2.png\",\"width\":1716,\"height\":1182,\"caption\":\"Happy House Location\"},\"image\":{\"@id\":\"https:\/\/happyhouse-loc.com\/#\/schema\/logo\/image\/\"}}]}<\/script>\n<!-- \/ Yoast SEO plugin. -->","yoast_head_json":{"title":"Mandelieu-la Napoule - Happy House Location","robots":{"index":"index","follow":"follow","max-snippet":"max-snippet:-1","max-image-preview":"max-image-preview:large","max-video-preview":"max-video-preview:-1"},"canonical":"https:\/\/happyhouse-loc.com\/index.php\/mandelieu-la-napoule-2\/","og_locale":"fr_FR","og_type":"article","og_title":"Mandelieu-la Napoule - Happy House Location","og_description":"Bienvenue \u00e0 Mandelieu-La Napoule Mandelieu-la Napoule Commune du littoral m\u00e9diterran\u00e9en et des Alpes-Maritimes, Mandelieu-La Napoule est id\u00e9alement situ\u00e9e entre Siagne et Grande Bleue, au pied du massif de l\u2019Est\u00e9rel et du Tanneron, massif qui d\u00e9veloppe, &hellip;","og_url":"https:\/\/happyhouse-loc.com\/index.php\/mandelieu-la-napoule-2\/","og_site_name":"Happy House Location","article_modified_time":"2023-05-07T10:02:06+00:00","og_image":[{"url":"https:\/\/happyhouse-loc.com\/wp-content\/uploads\/elementor\/thumbs\/EsterelMandelieu-q382agi00n6aj520mzy1ykio3hr04wqrqptqii8nvo.jpg"}],"twitter_card":"summary_large_image","twitter_misc":{"Dur\u00e9e de lecture estim\u00e9e":"2 minutes"},"schema":{"@context":"https:\/\/schema.org","@graph":[{"@type":"WebPage","@id":"https:\/\/happyhouse-loc.com\/index.php\/mandelieu-la-napoule-2\/","url":"https:\/\/happyhouse-loc.com\/index.php\/mandelieu-la-napoule-2\/","name":"Mandelieu-la Napoule - Happy House Location","isPartOf":{"@id":"https:\/\/happyhouse-loc.com\/#website"},"primaryImageOfPage":{"@id":"https:\/\/happyhouse-loc.com\/index.php\/mandelieu-la-napoule-2\/#primaryimage"},"image":{"@id":"https:\/\/happyhouse-loc.com\/index.php\/mandelieu-la-napoule-2\/#primaryimage"},"thumbnailUrl":"https:\/\/happyhouse-loc.com\/wp-content\/uploads\/elementor\/thumbs\/EsterelMandelieu-q382agi00n6aj520mzy1ykio3hr04wqrqptqii8nvo.jpg","datePublished":"2023-03-08T16:49:20+00:00","dateModified":"2023-05-07T10:02:06+00:00","breadcrumb":{"@id":"https:\/\/happyhouse-loc.com\/index.php\/mandelieu-la-napoule-2\/#breadcrumb"},"inLanguage":"fr-FR","potentialAction":[{"@type":"ReadAction","target":["https:\/\/happyhouse-loc.com\/index.php\/mandelieu-la-napoule-2\/"]}]},{"@type":"ImageObject","inLanguage":"fr-FR","@id":"https:\/\/happyhouse-loc.com\/index.php\/mandelieu-la-napoule-2\/#primaryimage","url":"https:\/\/happyhouse-loc.com\/wp-content\/uploads\/elementor\/thumbs\/EsterelMandelieu-q382agi00n6aj520mzy1ykio3hr04wqrqptqii8nvo.jpg","contentUrl":"https:\/\/happyhouse-loc.com\/wp-content\/uploads\/elementor\/thumbs\/EsterelMandelieu-q382agi00n6aj520mzy1ykio3hr04wqrqptqii8nvo.jpg"},{"@type":"BreadcrumbList","@id":"https:\/\/happyhouse-loc.com\/index.php\/mandelieu-la-napoule-2\/#breadcrumb","itemListElement":[{"@type":"ListItem","position":1,"name":"Accueil","item":"https:\/\/happyhouse-loc.com\/"},{"@type":"ListItem","position":2,"name":"Mandelieu-la Napoule"}]},{"@type":"WebSite","@id":"https:\/\/happyhouse-loc.com\/#website","url":"https:\/\/happyhouse-loc.com\/","name":"Happy House Location","description":"","publisher":{"@id":"https:\/\/happyhouse-loc.com\/#organization"},"potentialAction":[{"@type":"SearchAction","target":{"@type":"EntryPoint","urlTemplate":"https:\/\/happyhouse-loc.com\/?s={search_term_string}"},"query-input":{"@type":"PropertyValueSpecification","valueRequired":true,"valueName":"search_term_string"}}],"inLanguage":"fr-FR"},{"@type":"Organization","@id":"https:\/\/happyhouse-loc.com\/#organization","name":"Happy House Location","url":"https:\/\/happyhouse-loc.com\/","logo":{"@type":"ImageObject","inLanguage":"fr-FR","@id":"https:\/\/happyhouse-loc.com\/#\/schema\/logo\/image\/","url":"https:\/\/happyhouse-loc.com\/wp-content\/uploads\/2023\/03\/cropped-HappyHouseLogo-3-2.png","contentUrl":"https:\/\/happyhouse-loc.com\/wp-content\/uploads\/2023\/03\/cropped-HappyHouseLogo-3-2.png","width":1716,"height":1182,"caption":"Happy House Location"},"image":{"@id":"https:\/\/happyhouse-loc.com\/#\/schema\/logo\/image\/"}}]}},"_links":{"self":[{"href":"https:\/\/happyhouse-loc.com\/index.php\/wp-json\/wp\/v2\/pages\/579","targetHints":{"allow":["GET"]}}],"collection":[{"href":"https:\/\/happyhouse-loc.com\/index.php\/wp-json\/wp\/v2\/pages"}],"about":[{"href":"https:\/\/happyhouse-loc.com\/index.php\/wp-json\/wp\/v2\/types\/page"}],"author":[{"embeddable":true,"href":"https:\/\/happyhouse-loc.com\/index.php\/wp-json\/wp\/v2\/users\/1"}],"replies":[{"embeddable":true,"href":"https:\/\/happyhouse-loc.com\/index.php\/wp-json\/wp\/v2\/comments?post=579"}],"version-history":[{"count":88,"href":"https:\/\/happyhouse-loc.com\/index.php\/wp-json\/wp\/v2\/pages\/579\/revisions"}],"predecessor-version":[{"id":2152,"href":"https:\/\/happyhouse-loc.com\/index.php\/wp-json\/wp\/v2\/pages\/579\/revisions\/2152"}],"wp:attachment":[{"href":"https:\/\/happyhouse-loc.com\/index.php\/wp-json\/wp\/v2\/media?parent=579"}],"curies":[{"name":"wp","href":"https:\/\/api.w.org\/{rel}","templated":true}]}}