{"id":511,"date":"2023-03-07T18:22:15","date_gmt":"2023-03-07T17:22:15","guid":{"rendered":"https:\/\/happyhouse-loc.com\/?page_id=511"},"modified":"2023-03-09T10:14:17","modified_gmt":"2023-03-09T09:14:17","slug":"mentions-legales","status":"publish","type":"page","link":"https:\/\/happyhouse-loc.com\/index.php\/mentions-legales\/","title":{"rendered":"Mentions l\u00e9gales"},"content":{"rendered":"\t\t<div data-elementor-type=\"wp-page\" data-elementor-id=\"511\" class=\"elementor elementor-511\" data-elementor-post-type=\"page\">\n\t\t\t\t\t\t<section class=\"elementor-section elementor-top-section elementor-element elementor-element-cb4c729 elementor-section-boxed elementor-section-height-default elementor-section-height-default\" data-id=\"cb4c729\" data-element_type=\"section\">\n\t\t\t\t\t\t<div class=\"elementor-container elementor-column-gap-default\">\n\t\t\t\t\t<div class=\"elementor-column elementor-col-100 elementor-top-column elementor-element elementor-element-c7b3c81\" data-id=\"c7b3c81\" data-element_type=\"column\">\n\t\t\t<div class=\"elementor-widget-wrap elementor-element-populated\">\n\t\t\t\t\t\t<section class=\"elementor-section elementor-inner-section elementor-element elementor-element-b846574 elementor-section-boxed elementor-section-height-default elementor-section-height-default\" data-id=\"b846574\" data-element_type=\"section\">\n\t\t\t\t\t\t<div class=\"elementor-container elementor-column-gap-default\">\n\t\t\t\t\t<div class=\"elementor-column elementor-col-50 elementor-inner-column elementor-element elementor-element-a14dfaf\" data-id=\"a14dfaf\" data-element_type=\"column\">\n\t\t\t<div class=\"elementor-widget-wrap elementor-element-populated\">\n\t\t\t\t\t\t<div class=\"elementor-element elementor-element-3233801 elementor-widget elementor-widget-text-editor\" data-id=\"3233801\" data-element_type=\"widget\" data-widget_type=\"text-editor.default\">\n\t\t\t\t<div class=\"elementor-widget-container\">\n\t\t\t\t\t\t\t<p><b>HAPPY HOUSE LOCATION<\/b><\/p><p><span style=\"color: var( --e-global-color-text ); font-family: var( --e-global-typography-text-font-family ), Sans-serif; background: var(--white-color);\">06210 MANDELIEU LA-NAPOULE<\/span><\/p><p>MAIL : contact@happyhouse-loc.com<\/p><p>TEL. : +33 (0)6 23 75 27 74<\/p><p><b>CREATEUR DU SITE<\/b><br \/>Ang\u00e9lique Cr\u00e9ation<br \/>737 TER Boulevard des termes<br \/>06210 Mandelieu La-Napoule<\/p><p><span style=\"color: var( --e-global-color-text ); font-family: var( --e-global-typography-text-font-family ), Sans-serif; background: var(--white-color);\">T\u00e9l. : 06 24 71 91 54<\/span><\/p><p><span style=\"color: var( --e-global-color-text ); font-family: var( --e-global-typography-text-font-family ), Sans-serif; background: var(--white-color);\">E-mail : contact@angeliquecreation.com<\/span><\/p><p><span style=\"color: var( --e-global-color-text ); font-family: var( --e-global-typography-text-font-family ), Sans-serif; background: var(--white-color);\"><b><a style=\"outline: 0px;\" href=\"https:\/\/www.angeliquecreation.com\" target=\"_blank\" rel=\"noopener\">https:\/\/www.angeliquecreation.com<\/a><\/b><br \/><\/span><\/p><p>N\u00b0 SIRET : 484295225<br \/>N\u00b0 TVA : FR 93 484 295 225<\/p>\t\t\t\t\t\t<\/div>\n\t\t\t\t<\/div>\n\t\t\t\t\t<\/div>\n\t\t<\/div>\n\t\t\t\t<div class=\"elementor-column elementor-col-50 elementor-inner-column elementor-element elementor-element-e8711c0\" data-id=\"e8711c0\" data-element_type=\"column\">\n\t\t\t<div class=\"elementor-widget-wrap elementor-element-populated\">\n\t\t\t\t\t\t<div class=\"elementor-element elementor-element-0951504 elementor-widget elementor-widget-text-editor\" data-id=\"0951504\" data-element_type=\"widget\" data-widget_type=\"text-editor.default\">\n\t\t\t\t<div class=\"elementor-widget-container\">\n\t\t\t\t\t\t\t<p><b>HEBERGEMENT DU SITE<\/b><\/p><p>Soci\u00e9t\u00e9 OVH<br>RCS Roubaix \u2013 Tourcoing 424 761 419 00045<br>Code APE 6202A<br>N\u00b0 TVA : FR 22 424 761 419<br>Si\u00e8ge social : 2 rue Kellermann &#8211; 59100 Roubaix &#8211; France.<\/p>\n<p><b>Copyright et Propri\u00e9t\u00e9 intellectuelle<\/b><\/p>\n<p>L\u2019ensemble des \u00e9l\u00e9ments figurant sur notre site sont prot\u00e9g\u00e9s par les dispositions du Code de la Propri\u00e9t\u00e9 Intellectuelle. En cons\u00e9quence, toute reproduction de ceux-ci, totale ou partielle, ou imitation, sans notre accord expr\u00e8s, pr\u00e9alable et \u00e9crit, est interdite.<\/p>\t\t\t\t\t\t<\/div>\n\t\t\t\t<\/div>\n\t\t\t\t\t<\/div>\n\t\t<\/div>\n\t\t\t\t\t<\/div>\n\t\t<\/section>\n\t\t\t\t\t<\/div>\n\t\t<\/div>\n\t\t\t\t\t<\/div>\n\t\t<\/section>\n\t\t\t\t<\/div>\n\t\t","protected":false},"excerpt":{"rendered":"<p>HAPPY HOUSE LOCATION 06210 MANDELIEU LA-NAPOULE MAIL : contact@happyhouse-loc.com TEL. : +33 (0)6 23 75 27 74 CREATEUR DU SITEAng\u00e9lique Cr\u00e9ation737 TER Boulevard des termes06210 Mandelieu La-Napoule T\u00e9l. : 06 24 71 91 54 E-mail &hellip; <\/p>\n","protected":false},"author":1,"featured_media":0,"parent":0,"menu_order":0,"comment_status":"closed","ping_status":"closed","template":"","meta":{"footnotes":""},"class_list":["post-511","page","type-page","status-publish","hentry","latest_post"],"yoast_head":"<!-- This site is optimized with the Yoast SEO plugin v23.6 - https:\/\/yoast.com\/wordpress\/plugins\/seo\/ -->\n<title>Mentions l\u00e9gales - Happy House Location<\/title>\n<meta name=\"robots\" content=\"index, follow, max-snippet:-1, max-image-preview:large, max-video-preview:-1\" \/>\n<link rel=\"canonical\" href=\"https:\/\/happyhouse-loc.com\/index.php\/mentions-legales\/\" \/>\n<meta property=\"og:locale\" content=\"fr_FR\" \/>\n<meta property=\"og:type\" content=\"article\" \/>\n<meta property=\"og:title\" content=\"Mentions l\u00e9gales - Happy House Location\" \/>\n<meta property=\"og:description\" content=\"HAPPY HOUSE LOCATION 06210 MANDELIEU LA-NAPOULE MAIL : contact@happyhouse-loc.com TEL. : +33 (0)6 23 75 27 74 CREATEUR DU SITEAng\u00e9lique Cr\u00e9ation737 TER Boulevard des termes06210 Mandelieu La-Napoule T\u00e9l. : 06 24 71 91 54 E-mail &hellip;\" \/>\n<meta property=\"og:url\" content=\"https:\/\/happyhouse-loc.com\/index.php\/mentions-legales\/\" \/>\n<meta property=\"og:site_name\" content=\"Happy House Location\" \/>\n<meta property=\"article:modified_time\" content=\"2023-03-09T09:14:17+00:00\" \/>\n<meta name=\"twitter:card\" content=\"summary_large_image\" \/>\n<meta name=\"twitter:label1\" content=\"Dur\u00e9e de lecture estim\u00e9e\" \/>\n\t<meta name=\"twitter:data1\" content=\"1 minute\" \/>\n<script type=\"application\/ld+json\" class=\"yoast-schema-graph\">{\"@context\":\"https:\/\/schema.org\",\"@graph\":[{\"@type\":\"WebPage\",\"@id\":\"https:\/\/happyhouse-loc.com\/index.php\/mentions-legales\/\",\"url\":\"https:\/\/happyhouse-loc.com\/index.php\/mentions-legales\/\",\"name\":\"Mentions l\u00e9gales - Happy House Location\",\"isPartOf\":{\"@id\":\"https:\/\/happyhouse-loc.com\/#website\"},\"datePublished\":\"2023-03-07T17:22:15+00:00\",\"dateModified\":\"2023-03-09T09:14:17+00:00\",\"breadcrumb\":{\"@id\":\"https:\/\/happyhouse-loc.com\/index.php\/mentions-legales\/#breadcrumb\"},\"inLanguage\":\"fr-FR\",\"potentialAction\":[{\"@type\":\"ReadAction\",\"target\":[\"https:\/\/happyhouse-loc.com\/index.php\/mentions-legales\/\"]}]},{\"@type\":\"BreadcrumbList\",\"@id\":\"https:\/\/happyhouse-loc.com\/index.php\/mentions-legales\/#breadcrumb\",\"itemListElement\":[{\"@type\":\"ListItem\",\"position\":1,\"name\":\"Accueil\",\"item\":\"https:\/\/happyhouse-loc.com\/\"},{\"@type\":\"ListItem\",\"position\":2,\"name\":\"Mentions l\u00e9gales\"}]},{\"@type\":\"WebSite\",\"@id\":\"https:\/\/happyhouse-loc.com\/#website\",\"url\":\"https:\/\/happyhouse-loc.com\/\",\"name\":\"Happy House Location\",\"description\":\"\",\"publisher\":{\"@id\":\"https:\/\/happyhouse-loc.com\/#organization\"},\"potentialAction\":[{\"@type\":\"SearchAction\",\"target\":{\"@type\":\"EntryPoint\",\"urlTemplate\":\"https:\/\/happyhouse-loc.com\/?s={search_term_string}\"},\"query-input\":{\"@type\":\"PropertyValueSpecification\",\"valueRequired\":true,\"valueName\":\"search_term_string\"}}],\"inLanguage\":\"fr-FR\"},{\"@type\":\"Organization\",\"@id\":\"https:\/\/happyhouse-loc.com\/#organization\",\"name\":\"Happy House Location\",\"url\":\"https:\/\/happyhouse-loc.com\/\",\"logo\":{\"@type\":\"ImageObject\",\"inLanguage\":\"fr-FR\",\"@id\":\"https:\/\/happyhouse-loc.com\/#\/schema\/logo\/image\/\",\"url\":\"https:\/\/happyhouse-loc.com\/wp-content\/uploads\/2023\/03\/cropped-HappyHouseLogo-3-2.png\",\"contentUrl\":\"https:\/\/happyhouse-loc.com\/wp-content\/uploads\/2023\/03\/cropped-HappyHouseLogo-3-2.png\",\"width\":1716,\"height\":1182,\"caption\":\"Happy House Location\"},\"image\":{\"@id\":\"https:\/\/happyhouse-loc.com\/#\/schema\/logo\/image\/\"}}]}<\/script>\n<!-- \/ Yoast SEO plugin. -->","yoast_head_json":{"title":"Mentions l\u00e9gales - Happy House Location","robots":{"index":"index","follow":"follow","max-snippet":"max-snippet:-1","max-image-preview":"max-image-preview:large","max-video-preview":"max-video-preview:-1"},"canonical":"https:\/\/happyhouse-loc.com\/index.php\/mentions-legales\/","og_locale":"fr_FR","og_type":"article","og_title":"Mentions l\u00e9gales - Happy House Location","og_description":"HAPPY HOUSE LOCATION 06210 MANDELIEU LA-NAPOULE MAIL : contact@happyhouse-loc.com TEL. : +33 (0)6 23 75 27 74 CREATEUR DU SITEAng\u00e9lique Cr\u00e9ation737 TER Boulevard des termes06210 Mandelieu La-Napoule T\u00e9l. : 06 24 71 91 54 E-mail &hellip;","og_url":"https:\/\/happyhouse-loc.com\/index.php\/mentions-legales\/","og_site_name":"Happy House Location","article_modified_time":"2023-03-09T09:14:17+00:00","twitter_card":"summary_large_image","twitter_misc":{"Dur\u00e9e de lecture estim\u00e9e":"1 minute"},"schema":{"@context":"https:\/\/schema.org","@graph":[{"@type":"WebPage","@id":"https:\/\/happyhouse-loc.com\/index.php\/mentions-legales\/","url":"https:\/\/happyhouse-loc.com\/index.php\/mentions-legales\/","name":"Mentions l\u00e9gales - Happy House Location","isPartOf":{"@id":"https:\/\/happyhouse-loc.com\/#website"},"datePublished":"2023-03-07T17:22:15+00:00","dateModified":"2023-03-09T09:14:17+00:00","breadcrumb":{"@id":"https:\/\/happyhouse-loc.com\/index.php\/mentions-legales\/#breadcrumb"},"inLanguage":"fr-FR","potentialAction":[{"@type":"ReadAction","target":["https:\/\/happyhouse-loc.com\/index.php\/mentions-legales\/"]}]},{"@type":"BreadcrumbList","@id":"https:\/\/happyhouse-loc.com\/index.php\/mentions-legales\/#breadcrumb","itemListElement":[{"@type":"ListItem","position":1,"name":"Accueil","item":"https:\/\/happyhouse-loc.com\/"},{"@type":"ListItem","position":2,"name":"Mentions l\u00e9gales"}]},{"@type":"WebSite","@id":"https:\/\/happyhouse-loc.com\/#website","url":"https:\/\/happyhouse-loc.com\/","name":"Happy House Location","description":"","publisher":{"@id":"https:\/\/happyhouse-loc.com\/#organization"},"potentialAction":[{"@type":"SearchAction","target":{"@type":"EntryPoint","urlTemplate":"https:\/\/happyhouse-loc.com\/?s={search_term_string}"},"query-input":{"@type":"PropertyValueSpecification","valueRequired":true,"valueName":"search_term_string"}}],"inLanguage":"fr-FR"},{"@type":"Organization","@id":"https:\/\/happyhouse-loc.com\/#organization","name":"Happy House Location","url":"https:\/\/happyhouse-loc.com\/","logo":{"@type":"ImageObject","inLanguage":"fr-FR","@id":"https:\/\/happyhouse-loc.com\/#\/schema\/logo\/image\/","url":"https:\/\/happyhouse-loc.com\/wp-content\/uploads\/2023\/03\/cropped-HappyHouseLogo-3-2.png","contentUrl":"https:\/\/happyhouse-loc.com\/wp-content\/uploads\/2023\/03\/cropped-HappyHouseLogo-3-2.png","width":1716,"height":1182,"caption":"Happy House Location"},"image":{"@id":"https:\/\/happyhouse-loc.com\/#\/schema\/logo\/image\/"}}]}},"_links":{"self":[{"href":"https:\/\/happyhouse-loc.com\/index.php\/wp-json\/wp\/v2\/pages\/511","targetHints":{"allow":["GET"]}}],"collection":[{"href":"https:\/\/happyhouse-loc.com\/index.php\/wp-json\/wp\/v2\/pages"}],"about":[{"href":"https:\/\/happyhouse-loc.com\/index.php\/wp-json\/wp\/v2\/types\/page"}],"author":[{"embeddable":true,"href":"https:\/\/happyhouse-loc.com\/index.php\/wp-json\/wp\/v2\/users\/1"}],"replies":[{"embeddable":true,"href":"https:\/\/happyhouse-loc.com\/index.php\/wp-json\/wp\/v2\/comments?post=511"}],"version-history":[{"count":7,"href":"https:\/\/happyhouse-loc.com\/index.php\/wp-json\/wp\/v2\/pages\/511\/revisions"}],"predecessor-version":[{"id":686,"href":"https:\/\/happyhouse-loc.com\/index.php\/wp-json\/wp\/v2\/pages\/511\/revisions\/686"}],"wp:attachment":[{"href":"https:\/\/happyhouse-loc.com\/index.php\/wp-json\/wp\/v2\/media?parent=511"}],"curies":[{"name":"wp","href":"https:\/\/api.w.org\/{rel}","templated":true}]}}