{"id":428,"date":"2023-03-06T17:46:57","date_gmt":"2023-03-06T16:46:57","guid":{"rendered":"https:\/\/happyhouse-loc.com\/?page_id=428"},"modified":"2026-01-12T12:39:02","modified_gmt":"2026-01-12T11:39:02","slug":"accueil","status":"publish","type":"page","link":"https:\/\/happyhouse-loc.com\/","title":{"rendered":"Accueil"},"content":{"rendered":"\t\t<div data-elementor-type=\"wp-post\" data-elementor-id=\"428\" class=\"elementor elementor-428\" data-elementor-post-type=\"page\">\n\t\t\t\t\t\t<section class=\"elementor-section elementor-top-section elementor-element elementor-element-deea26b elementor-section-full_width elementor-section-stretched elementor-section-height-default elementor-section-height-default\" data-id=\"deea26b\" data-element_type=\"section\" data-settings=\"{&quot;stretch_section&quot;:&quot;section-stretched&quot;}\">\n\t\t\t\t\t\t<div class=\"elementor-container elementor-column-gap-default\">\n\t\t\t\t\t<div class=\"elementor-column elementor-col-100 elementor-top-column elementor-element elementor-element-32e8138\" data-id=\"32e8138\" data-element_type=\"column\">\n\t\t\t<div class=\"elementor-widget-wrap elementor-element-populated\">\n\t\t\t\t\t\t\t<\/div>\n\t\t<\/div>\n\t\t\t\t\t<\/div>\n\t\t<\/section>\n\t\t\t\t<section class=\"elementor-section elementor-top-section elementor-element elementor-element-0e5c9f6 elementor-section-boxed elementor-section-height-default elementor-section-height-default\" data-id=\"0e5c9f6\" data-element_type=\"section\">\n\t\t\t\t\t\t<div class=\"elementor-container elementor-column-gap-default\">\n\t\t\t\t\t<div class=\"elementor-column elementor-col-100 elementor-top-column elementor-element elementor-element-b7a156f\" data-id=\"b7a156f\" data-element_type=\"column\">\n\t\t\t<div class=\"elementor-widget-wrap elementor-element-populated\">\n\t\t\t\t\t\t<div class=\"elementor-element elementor-element-183291d elementor-widget elementor-widget-heading\" data-id=\"183291d\" data-element_type=\"widget\" data-widget_type=\"heading.default\">\n\t\t\t\t<div class=\"elementor-widget-container\">\n\t\t\t<h3 class=\"elementor-heading-title elementor-size-default\">Bienvenue chez Happy House Location<\/h3>\t\t<\/div>\n\t\t\t\t<\/div>\n\t\t\t\t\t<\/div>\n\t\t<\/div>\n\t\t\t\t\t<\/div>\n\t\t<\/section>\n\t\t\t\t<section class=\"elementor-section elementor-top-section elementor-element elementor-element-5a83320 elementor-section-boxed elementor-section-height-default elementor-section-height-default\" data-id=\"5a83320\" data-element_type=\"section\">\n\t\t\t\t\t\t<div class=\"elementor-container elementor-column-gap-default\">\n\t\t\t\t\t<div class=\"elementor-column elementor-col-50 elementor-top-column elementor-element elementor-element-09ec404\" data-id=\"09ec404\" data-element_type=\"column\">\n\t\t\t<div class=\"elementor-widget-wrap elementor-element-populated\">\n\t\t\t\t\t\t<div class=\"elementor-element elementor-element-d5e03d6 elementor-widget elementor-widget-image\" data-id=\"d5e03d6\" data-element_type=\"widget\" data-widget_type=\"image.default\">\n\t\t\t\t<div class=\"elementor-widget-container\">\n\t\t\t\t\t\t\t\t\t\t\t\t\t<img fetchpriority=\"high\" decoding=\"async\" width=\"579\" height=\"420\" src=\"https:\/\/happyhouse-loc.com\/wp-content\/uploads\/2023\/03\/contact2-e1678203070638-579x420.jpg\" class=\"attachment-chic-lite-latest size-chic-lite-latest wp-image-458\" alt=\"Chateau de mandelieu la napoule\" \/>\t\t\t\t\t\t\t\t\t\t\t\t\t<\/div>\n\t\t\t\t<\/div>\n\t\t\t\t\t<\/div>\n\t\t<\/div>\n\t\t\t\t<div class=\"elementor-column elementor-col-50 elementor-top-column elementor-element elementor-element-b5cb454\" data-id=\"b5cb454\" data-element_type=\"column\">\n\t\t\t<div class=\"elementor-widget-wrap elementor-element-populated\">\n\t\t\t\t\t\t<div class=\"elementor-element elementor-element-8155f40 elementor-widget elementor-widget-heading\" data-id=\"8155f40\" data-element_type=\"widget\" data-widget_type=\"heading.default\">\n\t\t\t\t<div class=\"elementor-widget-container\">\n\t\t\t<h3 class=\"elementor-heading-title elementor-size-default\">Vous recherchez un appartement ou une villa sur la c\u00f4te d'azur ?<\/h3>\t\t<\/div>\n\t\t\t\t<\/div>\n\t\t\t\t<div class=\"elementor-element elementor-element-55987a1 elementor-widget elementor-widget-text-editor\" data-id=\"55987a1\" data-element_type=\"widget\" data-widget_type=\"text-editor.default\">\n\t\t\t\t<div class=\"elementor-widget-container\">\n\t\t\t\t\t\t\t<div class=\"flex flex-col text-sm pb-25\"><article class=\"text-token-text-primary w-full focus:outline-none [--shadow-height:45px] has-data-writing-block:pointer-events-none has-data-writing-block:-mt-(--shadow-height) has-data-writing-block:pt-(--shadow-height) [&amp;:has([data-writing-block])&gt;*]:pointer-events-auto [content-visibility:auto] supports-[content-visibility:auto]:[contain-intrinsic-size:auto_100lvh] scroll-mt-[calc(var(--header-height)+min(200px,max(70px,20svh)))]\" dir=\"auto\" tabindex=\"-1\" data-turn-id=\"request-WEB:6381db8d-a70c-4d20-ac15-05691b4d646d-0\" data-testid=\"conversation-turn-2\" data-scroll-anchor=\"true\" data-turn=\"assistant\"><div class=\"text-base my-auto mx-auto pb-10 [--thread-content-margin:--spacing(4)] @w-sm\/main:[--thread-content-margin:--spacing(6)] @w-lg\/main:[--thread-content-margin:--spacing(16)] px-(--thread-content-margin)\"><div class=\"[--thread-content-max-width:40rem] @w-lg\/main:[--thread-content-max-width:48rem] mx-auto max-w-(--thread-content-max-width) flex-1 group\/turn-messages focus-visible:outline-hidden relative flex w-full min-w-0 flex-col agent-turn\" tabindex=\"-1\"><div class=\"flex max-w-full flex-col grow\"><div class=\"min-h-8 text-message relative flex w-full flex-col items-end gap-2 text-start break-words whitespace-normal [.text-message+&amp;]:mt-1\" dir=\"auto\" data-message-author-role=\"assistant\" data-message-id=\"4ec9d19e-7a9c-40f1-8800-d027c2a9f519\" data-message-model-slug=\"gpt-5-2\"><div class=\"flex w-full flex-col gap-1 empty:hidden first:pt-[1px]\"><div class=\"markdown prose dark:prose-invert w-full break-words light markdown-new-styling\"><p data-start=\"1502\" data-end=\"1788\">D\u00e9couvrez nos locations de vacances <strong data-start=\"120\" data-end=\"194\">et nos locations pour congr\u00e8s sur la C\u00f4te d\u2019Azur. N<\/strong>ous proposons des <strong data-start=\"215\" data-end=\"285\">appartements et villas \u00e0 Cannes, Mandelieu-la-Napoule et alentours<\/strong>. Soigneusement s\u00e9lectionn\u00e9s pour des s\u00e9jours alliant confort, charme et art de vivre m\u00e9diterran\u00e9en. Profitez d\u2019un cadre exceptionnel entre mer et soleil, et vivez des vacances inoubliables en toute s\u00e9r\u00e9nit\u00e9\u00a0<\/p><p data-start=\"1502\" data-end=\"1788\">\u00a0<\/p><\/div><\/div><\/div><\/div><\/div><\/div><\/article><\/div>\t\t\t\t\t\t<\/div>\n\t\t\t\t<\/div>\n\t\t\t\t\t<\/div>\n\t\t<\/div>\n\t\t\t\t\t<\/div>\n\t\t<\/section>\n\t\t\t\t<section class=\"elementor-section elementor-top-section elementor-element elementor-element-e1cae66 elementor-section-boxed elementor-section-height-default elementor-section-height-default\" data-id=\"e1cae66\" data-element_type=\"section\">\n\t\t\t\t\t\t<div class=\"elementor-container elementor-column-gap-default\">\n\t\t\t\t\t<div class=\"elementor-column elementor-col-100 elementor-top-column elementor-element elementor-element-ade80b3\" data-id=\"ade80b3\" data-element_type=\"column\">\n\t\t\t<div class=\"elementor-widget-wrap elementor-element-populated\">\n\t\t\t\t\t\t<div class=\"elementor-element elementor-element-f38e361 elementor-widget elementor-widget-heading\" data-id=\"f38e361\" data-element_type=\"widget\" data-widget_type=\"heading.default\">\n\t\t\t\t<div class=\"elementor-widget-container\">\n\t\t\t<h3 class=\"elementor-heading-title elementor-size-default\">D\u00e9couvrez nos derniers biens en locations<\/h3>\t\t<\/div>\n\t\t\t\t<\/div>\n\t\t\t\t\t<\/div>\n\t\t<\/div>\n\t\t\t\t\t<\/div>\n\t\t<\/section>\n\t\t\t\t<section class=\"elementor-section elementor-top-section elementor-element elementor-element-c5c4629 elementor-section-stretched elementor-section-boxed elementor-section-height-default elementor-section-height-default\" data-id=\"c5c4629\" data-element_type=\"section\" data-settings=\"{&quot;stretch_section&quot;:&quot;section-stretched&quot;}\">\n\t\t\t\t\t\t<div class=\"elementor-container elementor-column-gap-default\">\n\t\t\t\t\t<div class=\"elementor-column elementor-col-100 elementor-top-column elementor-element elementor-element-11ab14e\" data-id=\"11ab14e\" data-element_type=\"column\">\n\t\t\t<div class=\"elementor-widget-wrap elementor-element-populated\">\n\t\t\t\t\t\t<div class=\"elementor-element elementor-element-6369b7f elementor-grid-3 elementor-grid-tablet-2 elementor-grid-mobile-1 elementor-posts--thumbnail-top elementor-card-shadow-yes elementor-posts__hover-gradient elementor-widget elementor-widget-posts\" data-id=\"6369b7f\" data-element_type=\"widget\" data-settings=\"{&quot;cards_columns&quot;:&quot;3&quot;,&quot;cards_columns_tablet&quot;:&quot;2&quot;,&quot;cards_columns_mobile&quot;:&quot;1&quot;,&quot;cards_row_gap&quot;:{&quot;unit&quot;:&quot;px&quot;,&quot;size&quot;:35,&quot;sizes&quot;:[]},&quot;cards_row_gap_tablet&quot;:{&quot;unit&quot;:&quot;px&quot;,&quot;size&quot;:&quot;&quot;,&quot;sizes&quot;:[]},&quot;cards_row_gap_mobile&quot;:{&quot;unit&quot;:&quot;px&quot;,&quot;size&quot;:&quot;&quot;,&quot;sizes&quot;:[]}}\" data-widget_type=\"posts.cards\">\n\t\t\t\t<div class=\"elementor-widget-container\">\n\t\t\t\t\t<div class=\"elementor-posts-container elementor-posts elementor-posts--skin-cards elementor-grid\">\n\t\t\t\t<article class=\"elementor-post elementor-grid-item post-1336 post type-post status-publish format-standard has-post-thumbnail hentry category-villas-mandelieu latest_post\">\n\t\t\t<div class=\"elementor-post__card\">\n\t\t\t\t<a class=\"elementor-post__thumbnail__link\" href=\"https:\/\/happyhouse-loc.com\/index.php\/2023\/04\/06\/villa-mandelieu-2\/\" tabindex=\"-1\" ><div class=\"elementor-post__thumbnail\"><img decoding=\"async\" width=\"300\" height=\"225\" src=\"https:\/\/happyhouse-loc.com\/wp-content\/uploads\/2023\/04\/de25fb91-ad98-4db8-bf49-0becb8ea6fa7-300x225.webp\" class=\"attachment-medium size-medium wp-image-1391\" alt=\"\" srcset=\"https:\/\/happyhouse-loc.com\/wp-content\/uploads\/2023\/04\/de25fb91-ad98-4db8-bf49-0becb8ea6fa7-300x225.webp 300w, https:\/\/happyhouse-loc.com\/wp-content\/uploads\/2023\/04\/de25fb91-ad98-4db8-bf49-0becb8ea6fa7-768x576.webp 768w, https:\/\/happyhouse-loc.com\/wp-content\/uploads\/2023\/04\/de25fb91-ad98-4db8-bf49-0becb8ea6fa7-80x60.webp 80w, https:\/\/happyhouse-loc.com\/wp-content\/uploads\/2023\/04\/de25fb91-ad98-4db8-bf49-0becb8ea6fa7.webp 960w\" sizes=\"(max-width: 300px) 100vw, 300px\" \/><\/div><\/a>\n\t\t\t\t<div class=\"elementor-post__badge\">Villas Mandelieu<\/div>\n\t\t\t\t<div class=\"elementor-post__text\">\n\t\t\t\t<h3 class=\"elementor-post__title\">\n\t\t\t<a href=\"https:\/\/happyhouse-loc.com\/index.php\/2023\/04\/06\/villa-mandelieu-2\/\" >\n\t\t\t\tVilla Vivianne\t\t\t<\/a>\n\t\t<\/h3>\n\t\t\t\t<div class=\"elementor-post__excerpt\">\n\t\t\t<p>Superbe Villa 21 Vue Mer VILLA pour 4 PERSONNES Construite \u00e0 flanc de colline dans le domaine des \u00ab\u00a0Terrasses de Windsor\u00a0\u00bb, la Villa 21 avec sa terrasse et son jardin offre une vue unique sur<\/p>\n\t\t<\/div>\n\t\t\t\t\t<div class=\"elementor-post__read-more-wrapper\">\n\t\t\n\t\t<a class=\"elementor-post__read-more\" href=\"https:\/\/happyhouse-loc.com\/index.php\/2023\/04\/06\/villa-mandelieu-2\/\" aria-label=\"En savoir plus sur Villa Vivianne\" tabindex=\"-1\" >\n\t\t\tEn Savoir +\t\t<\/a>\n\n\t\t\t\t\t<\/div>\n\t\t\t\t<\/div>\n\t\t\t\t\t<\/div>\n\t\t<\/article>\n\t\t\t\t<article class=\"elementor-post elementor-grid-item post-1202 post type-post status-publish format-standard has-post-thumbnail hentry category-villas-cannes latest_post\">\n\t\t\t<div class=\"elementor-post__card\">\n\t\t\t\t<a class=\"elementor-post__thumbnail__link\" href=\"https:\/\/happyhouse-loc.com\/index.php\/2023\/03\/30\/villa-cannes\/\" tabindex=\"-1\" ><div class=\"elementor-post__thumbnail\"><img decoding=\"async\" width=\"300\" height=\"225\" src=\"https:\/\/happyhouse-loc.com\/wp-content\/uploads\/2023\/03\/villacannes1-300x225.jpg\" class=\"attachment-medium size-medium wp-image-1244\" alt=\"\" srcset=\"https:\/\/happyhouse-loc.com\/wp-content\/uploads\/2023\/03\/villacannes1-300x225.jpg 300w, https:\/\/happyhouse-loc.com\/wp-content\/uploads\/2023\/03\/villacannes1-768x576.jpg 768w, https:\/\/happyhouse-loc.com\/wp-content\/uploads\/2023\/03\/villacannes1-80x60.jpg 80w, https:\/\/happyhouse-loc.com\/wp-content\/uploads\/2023\/03\/villacannes1.jpg 800w\" sizes=\"(max-width: 300px) 100vw, 300px\" \/><\/div><\/a>\n\t\t\t\t<div class=\"elementor-post__badge\">Villas Cannes<\/div>\n\t\t\t\t<div class=\"elementor-post__text\">\n\t\t\t\t<h3 class=\"elementor-post__title\">\n\t\t\t<a href=\"https:\/\/happyhouse-loc.com\/index.php\/2023\/03\/30\/villa-cannes\/\" >\n\t\t\t\tVilla  Ann\t\t\t<\/a>\n\t\t<\/h3>\n\t\t\t\t<div class=\"elementor-post__excerpt\">\n\t\t\t<p>Magnifique Villa au calme, piscine priv\u00e9e \u00e0 5 minutes en voiture de Cannes VILLA pour 8 PERSONNES 4 chambres &#8211; 5 lits &#8211; 3 Salles de bain Magnifique Villa au calme, piscine priv\u00e9e (chauff\u00e9e &amp;<\/p>\n\t\t<\/div>\n\t\t\t\t\t<div class=\"elementor-post__read-more-wrapper\">\n\t\t\n\t\t<a class=\"elementor-post__read-more\" href=\"https:\/\/happyhouse-loc.com\/index.php\/2023\/03\/30\/villa-cannes\/\" aria-label=\"En savoir plus sur Villa  Ann\" tabindex=\"-1\" >\n\t\t\tEn Savoir +\t\t<\/a>\n\n\t\t\t\t\t<\/div>\n\t\t\t\t<\/div>\n\t\t\t\t\t<\/div>\n\t\t<\/article>\n\t\t\t\t<article class=\"elementor-post elementor-grid-item post-814 post type-post status-publish format-standard has-post-thumbnail hentry category-villas-mandelieu latest_post\">\n\t\t\t<div class=\"elementor-post__card\">\n\t\t\t\t<a class=\"elementor-post__thumbnail__link\" href=\"https:\/\/happyhouse-loc.com\/index.php\/2023\/03\/09\/villa-la-riviera\/\" tabindex=\"-1\" ><div class=\"elementor-post__thumbnail\"><img loading=\"lazy\" decoding=\"async\" width=\"274\" height=\"300\" src=\"https:\/\/happyhouse-loc.com\/wp-content\/uploads\/2023\/03\/riviera-274x300.jpg\" class=\"attachment-medium size-medium wp-image-782\" alt=\"Villa La Riviera\" srcset=\"https:\/\/happyhouse-loc.com\/wp-content\/uploads\/2023\/03\/riviera-274x300.jpg 274w, https:\/\/happyhouse-loc.com\/wp-content\/uploads\/2023\/03\/riviera-55x60.jpg 55w, https:\/\/happyhouse-loc.com\/wp-content\/uploads\/2023\/03\/riviera.jpg 594w\" sizes=\"(max-width: 274px) 100vw, 274px\" \/><\/div><\/a>\n\t\t\t\t<div class=\"elementor-post__badge\">Villas Mandelieu<\/div>\n\t\t\t\t<div class=\"elementor-post__text\">\n\t\t\t\t<h3 class=\"elementor-post__title\">\n\t\t\t<a href=\"https:\/\/happyhouse-loc.com\/index.php\/2023\/03\/09\/villa-la-riviera\/\" >\n\t\t\t\tVilla La Riviera\t\t\t<\/a>\n\t\t<\/h3>\n\t\t\t\t<div class=\"elementor-post__excerpt\">\n\t\t\t<p>Villa avec piscine vue mer et massif de l&rsquo;esterel avec une terrasse de 100m2 VILLAS pour 6 PERSONNES 3 chambres &#8211; 4 lits &#8211; 2 Salles de bain\u00a0&#8211; Grand s\u00e9jour tr\u00e8s lumineux orient\u00e9 plein sud<\/p>\n\t\t<\/div>\n\t\t\t\t\t<div class=\"elementor-post__read-more-wrapper\">\n\t\t\n\t\t<a class=\"elementor-post__read-more\" href=\"https:\/\/happyhouse-loc.com\/index.php\/2023\/03\/09\/villa-la-riviera\/\" aria-label=\"En savoir plus sur Villa La Riviera\" tabindex=\"-1\" >\n\t\t\tEn Savoir +\t\t<\/a>\n\n\t\t\t\t\t<\/div>\n\t\t\t\t<\/div>\n\t\t\t\t\t<\/div>\n\t\t<\/article>\n\t\t\t\t<\/div>\n\t\t\n\t\t\t\t<\/div>\n\t\t\t\t<\/div>\n\t\t\t\t\t<\/div>\n\t\t<\/div>\n\t\t\t\t\t<\/div>\n\t\t<\/section>\n\t\t\t\t<\/div>\n\t\t","protected":false},"excerpt":{"rendered":"<p>Bienvenue chez Happy House Location Vous recherchez un appartement ou une villa sur la c\u00f4te d&rsquo;azur ? D\u00e9couvrez nos locations de vacances et nos locations pour congr\u00e8s sur la C\u00f4te d\u2019Azur. Nous proposons des appartements &hellip; <\/p>\n","protected":false},"author":1,"featured_media":0,"parent":0,"menu_order":0,"comment_status":"closed","ping_status":"closed","template":"","meta":{"footnotes":""},"class_list":["post-428","page","type-page","status-publish","hentry","latest_post"],"yoast_head":"<!-- This site is optimized with the Yoast SEO plugin v23.6 - https:\/\/yoast.com\/wordpress\/plugins\/seo\/ -->\n<title>Accueil - Happy House Location<\/title>\n<meta name=\"robots\" content=\"index, follow, max-snippet:-1, max-image-preview:large, max-video-preview:-1\" \/>\n<link rel=\"canonical\" href=\"https:\/\/happyhouse-loc.com\/\" \/>\n<meta property=\"og:locale\" content=\"fr_FR\" \/>\n<meta property=\"og:type\" content=\"article\" \/>\n<meta property=\"og:title\" content=\"Accueil - Happy House Location\" \/>\n<meta property=\"og:description\" content=\"Bienvenue chez Happy House Location Vous recherchez un appartement ou une villa sur la c\u00f4te d&rsquo;azur ? D\u00e9couvrez nos locations de vacances et nos locations pour congr\u00e8s sur la C\u00f4te d\u2019Azur. Nous proposons des appartements &hellip;\" \/>\n<meta property=\"og:url\" content=\"https:\/\/happyhouse-loc.com\/\" \/>\n<meta property=\"og:site_name\" content=\"Happy House Location\" \/>\n<meta property=\"article:modified_time\" content=\"2026-01-12T11:39:02+00:00\" \/>\n<meta property=\"og:image\" content=\"https:\/\/happyhouse-loc.com\/wp-content\/uploads\/2023\/03\/contact2-e1678203070638-579x420.jpg\" \/>\n<meta name=\"twitter:card\" content=\"summary_large_image\" \/>\n<meta name=\"twitter:label1\" content=\"Dur\u00e9e de lecture estim\u00e9e\" \/>\n\t<meta name=\"twitter:data1\" content=\"3 minutes\" \/>\n<script type=\"application\/ld+json\" class=\"yoast-schema-graph\">{\"@context\":\"https:\/\/schema.org\",\"@graph\":[{\"@type\":\"WebPage\",\"@id\":\"https:\/\/happyhouse-loc.com\/\",\"url\":\"https:\/\/happyhouse-loc.com\/\",\"name\":\"Accueil - Happy House Location\",\"isPartOf\":{\"@id\":\"https:\/\/happyhouse-loc.com\/#website\"},\"primaryImageOfPage\":{\"@id\":\"https:\/\/happyhouse-loc.com\/#primaryimage\"},\"image\":{\"@id\":\"https:\/\/happyhouse-loc.com\/#primaryimage\"},\"thumbnailUrl\":\"https:\/\/happyhouse-loc.com\/wp-content\/uploads\/2023\/03\/contact2-e1678203070638-579x420.jpg\",\"datePublished\":\"2023-03-06T16:46:57+00:00\",\"dateModified\":\"2026-01-12T11:39:02+00:00\",\"breadcrumb\":{\"@id\":\"https:\/\/happyhouse-loc.com\/#breadcrumb\"},\"inLanguage\":\"fr-FR\",\"potentialAction\":[{\"@type\":\"ReadAction\",\"target\":[\"https:\/\/happyhouse-loc.com\/\"]}]},{\"@type\":\"ImageObject\",\"inLanguage\":\"fr-FR\",\"@id\":\"https:\/\/happyhouse-loc.com\/#primaryimage\",\"url\":\"https:\/\/happyhouse-loc.com\/wp-content\/uploads\/2023\/03\/contact2-e1678203070638.jpg\",\"contentUrl\":\"https:\/\/happyhouse-loc.com\/wp-content\/uploads\/2023\/03\/contact2-e1678203070638.jpg\",\"width\":579,\"height\":593,\"caption\":\"Chateau de mandelieu la napoule\"},{\"@type\":\"BreadcrumbList\",\"@id\":\"https:\/\/happyhouse-loc.com\/#breadcrumb\",\"itemListElement\":[{\"@type\":\"ListItem\",\"position\":1,\"name\":\"Accueil\",\"item\":\"https:\/\/happyhouse-loc.com\/\"},{\"@type\":\"ListItem\",\"position\":2,\"name\":\"Accueil\"}]},{\"@type\":\"WebSite\",\"@id\":\"https:\/\/happyhouse-loc.com\/#website\",\"url\":\"https:\/\/happyhouse-loc.com\/\",\"name\":\"Happy House Location\",\"description\":\"\",\"publisher\":{\"@id\":\"https:\/\/happyhouse-loc.com\/#organization\"},\"potentialAction\":[{\"@type\":\"SearchAction\",\"target\":{\"@type\":\"EntryPoint\",\"urlTemplate\":\"https:\/\/happyhouse-loc.com\/?s={search_term_string}\"},\"query-input\":{\"@type\":\"PropertyValueSpecification\",\"valueRequired\":true,\"valueName\":\"search_term_string\"}}],\"inLanguage\":\"fr-FR\"},{\"@type\":\"Organization\",\"@id\":\"https:\/\/happyhouse-loc.com\/#organization\",\"name\":\"Happy House Location\",\"url\":\"https:\/\/happyhouse-loc.com\/\",\"logo\":{\"@type\":\"ImageObject\",\"inLanguage\":\"fr-FR\",\"@id\":\"https:\/\/happyhouse-loc.com\/#\/schema\/logo\/image\/\",\"url\":\"https:\/\/happyhouse-loc.com\/wp-content\/uploads\/2023\/03\/cropped-HappyHouseLogo-3-2.png\",\"contentUrl\":\"https:\/\/happyhouse-loc.com\/wp-content\/uploads\/2023\/03\/cropped-HappyHouseLogo-3-2.png\",\"width\":1716,\"height\":1182,\"caption\":\"Happy House Location\"},\"image\":{\"@id\":\"https:\/\/happyhouse-loc.com\/#\/schema\/logo\/image\/\"}}]}<\/script>\n<!-- \/ Yoast SEO plugin. -->","yoast_head_json":{"title":"Accueil - Happy House Location","robots":{"index":"index","follow":"follow","max-snippet":"max-snippet:-1","max-image-preview":"max-image-preview:large","max-video-preview":"max-video-preview:-1"},"canonical":"https:\/\/happyhouse-loc.com\/","og_locale":"fr_FR","og_type":"article","og_title":"Accueil - Happy House Location","og_description":"Bienvenue chez Happy House Location Vous recherchez un appartement ou une villa sur la c\u00f4te d&rsquo;azur ? D\u00e9couvrez nos locations de vacances et nos locations pour congr\u00e8s sur la C\u00f4te d\u2019Azur. Nous proposons des appartements &hellip;","og_url":"https:\/\/happyhouse-loc.com\/","og_site_name":"Happy House Location","article_modified_time":"2026-01-12T11:39:02+00:00","og_image":[{"url":"https:\/\/happyhouse-loc.com\/wp-content\/uploads\/2023\/03\/contact2-e1678203070638-579x420.jpg"}],"twitter_card":"summary_large_image","twitter_misc":{"Dur\u00e9e de lecture estim\u00e9e":"3 minutes"},"schema":{"@context":"https:\/\/schema.org","@graph":[{"@type":"WebPage","@id":"https:\/\/happyhouse-loc.com\/","url":"https:\/\/happyhouse-loc.com\/","name":"Accueil - Happy House Location","isPartOf":{"@id":"https:\/\/happyhouse-loc.com\/#website"},"primaryImageOfPage":{"@id":"https:\/\/happyhouse-loc.com\/#primaryimage"},"image":{"@id":"https:\/\/happyhouse-loc.com\/#primaryimage"},"thumbnailUrl":"https:\/\/happyhouse-loc.com\/wp-content\/uploads\/2023\/03\/contact2-e1678203070638-579x420.jpg","datePublished":"2023-03-06T16:46:57+00:00","dateModified":"2026-01-12T11:39:02+00:00","breadcrumb":{"@id":"https:\/\/happyhouse-loc.com\/#breadcrumb"},"inLanguage":"fr-FR","potentialAction":[{"@type":"ReadAction","target":["https:\/\/happyhouse-loc.com\/"]}]},{"@type":"ImageObject","inLanguage":"fr-FR","@id":"https:\/\/happyhouse-loc.com\/#primaryimage","url":"https:\/\/happyhouse-loc.com\/wp-content\/uploads\/2023\/03\/contact2-e1678203070638.jpg","contentUrl":"https:\/\/happyhouse-loc.com\/wp-content\/uploads\/2023\/03\/contact2-e1678203070638.jpg","width":579,"height":593,"caption":"Chateau de mandelieu la napoule"},{"@type":"BreadcrumbList","@id":"https:\/\/happyhouse-loc.com\/#breadcrumb","itemListElement":[{"@type":"ListItem","position":1,"name":"Accueil","item":"https:\/\/happyhouse-loc.com\/"},{"@type":"ListItem","position":2,"name":"Accueil"}]},{"@type":"WebSite","@id":"https:\/\/happyhouse-loc.com\/#website","url":"https:\/\/happyhouse-loc.com\/","name":"Happy House Location","description":"","publisher":{"@id":"https:\/\/happyhouse-loc.com\/#organization"},"potentialAction":[{"@type":"SearchAction","target":{"@type":"EntryPoint","urlTemplate":"https:\/\/happyhouse-loc.com\/?s={search_term_string}"},"query-input":{"@type":"PropertyValueSpecification","valueRequired":true,"valueName":"search_term_string"}}],"inLanguage":"fr-FR"},{"@type":"Organization","@id":"https:\/\/happyhouse-loc.com\/#organization","name":"Happy House Location","url":"https:\/\/happyhouse-loc.com\/","logo":{"@type":"ImageObject","inLanguage":"fr-FR","@id":"https:\/\/happyhouse-loc.com\/#\/schema\/logo\/image\/","url":"https:\/\/happyhouse-loc.com\/wp-content\/uploads\/2023\/03\/cropped-HappyHouseLogo-3-2.png","contentUrl":"https:\/\/happyhouse-loc.com\/wp-content\/uploads\/2023\/03\/cropped-HappyHouseLogo-3-2.png","width":1716,"height":1182,"caption":"Happy House Location"},"image":{"@id":"https:\/\/happyhouse-loc.com\/#\/schema\/logo\/image\/"}}]}},"_links":{"self":[{"href":"https:\/\/happyhouse-loc.com\/index.php\/wp-json\/wp\/v2\/pages\/428","targetHints":{"allow":["GET"]}}],"collection":[{"href":"https:\/\/happyhouse-loc.com\/index.php\/wp-json\/wp\/v2\/pages"}],"about":[{"href":"https:\/\/happyhouse-loc.com\/index.php\/wp-json\/wp\/v2\/types\/page"}],"author":[{"embeddable":true,"href":"https:\/\/happyhouse-loc.com\/index.php\/wp-json\/wp\/v2\/users\/1"}],"replies":[{"embeddable":true,"href":"https:\/\/happyhouse-loc.com\/index.php\/wp-json\/wp\/v2\/comments?post=428"}],"version-history":[{"count":114,"href":"https:\/\/happyhouse-loc.com\/index.php\/wp-json\/wp\/v2\/pages\/428\/revisions"}],"predecessor-version":[{"id":2710,"href":"https:\/\/happyhouse-loc.com\/index.php\/wp-json\/wp\/v2\/pages\/428\/revisions\/2710"}],"wp:attachment":[{"href":"https:\/\/happyhouse-loc.com\/index.php\/wp-json\/wp\/v2\/media?parent=428"}],"curies":[{"name":"wp","href":"https:\/\/api.w.org\/{rel}","templated":true}]}}