{"id":2529,"date":"2024-05-20T19:17:41","date_gmt":"2024-05-20T17:17:41","guid":{"rendered":"https:\/\/happyhouse-loc.com\/?page_id=2529"},"modified":"2026-01-22T17:49:58","modified_gmt":"2026-01-22T16:49:58","slug":"autres-destinations","status":"publish","type":"page","link":"https:\/\/happyhouse-loc.com\/index.php\/autres-destinations\/","title":{"rendered":"Autres destinations"},"content":{"rendered":"\t\t<div data-elementor-type=\"wp-page\" data-elementor-id=\"2529\" class=\"elementor elementor-2529\" data-elementor-post-type=\"page\">\n\t\t\t\t\t\t<section class=\"elementor-section elementor-top-section elementor-element elementor-element-c15829a elementor-section-boxed elementor-section-height-default elementor-section-height-default\" data-id=\"c15829a\" data-element_type=\"section\">\n\t\t\t\t\t\t<div class=\"elementor-container elementor-column-gap-default\">\n\t\t\t\t\t<div class=\"elementor-column elementor-col-100 elementor-top-column elementor-element elementor-element-3d5e758\" data-id=\"3d5e758\" data-element_type=\"column\">\n\t\t\t<div class=\"elementor-widget-wrap elementor-element-populated\">\n\t\t\t\t\t\t<div class=\"elementor-element elementor-element-2746d0f elementor-widget elementor-widget-heading\" data-id=\"2746d0f\" data-element_type=\"widget\" data-widget_type=\"heading.default\">\n\t\t\t\t<div class=\"elementor-widget-container\">\n\t\t\t<h3 class=\"elementor-heading-title elementor-size-default\">Autres destinations<\/h3>\t\t<\/div>\n\t\t\t\t<\/div>\n\t\t\t\t\t<\/div>\n\t\t<\/div>\n\t\t\t\t\t<\/div>\n\t\t<\/section>\n\t\t\t\t<section class=\"elementor-section elementor-top-section elementor-element elementor-element-2b9828e elementor-section-stretched elementor-section-boxed elementor-section-height-default elementor-section-height-default\" data-id=\"2b9828e\" data-element_type=\"section\" data-settings=\"{&quot;stretch_section&quot;:&quot;section-stretched&quot;}\">\n\t\t\t\t\t\t<div class=\"elementor-container elementor-column-gap-default\">\n\t\t\t\t\t<div class=\"elementor-column elementor-col-100 elementor-top-column elementor-element elementor-element-5709b2d\" data-id=\"5709b2d\" data-element_type=\"column\">\n\t\t\t<div class=\"elementor-widget-wrap elementor-element-populated\">\n\t\t\t\t\t\t<div class=\"elementor-element elementor-element-a529b2b elementor-grid-3 elementor-grid-tablet-2 elementor-grid-mobile-1 elementor-posts--thumbnail-top elementor-card-shadow-yes elementor-posts__hover-gradient elementor-widget elementor-widget-posts\" data-id=\"a529b2b\" data-element_type=\"widget\" data-settings=\"{&quot;cards_columns&quot;:&quot;3&quot;,&quot;cards_columns_tablet&quot;:&quot;2&quot;,&quot;cards_columns_mobile&quot;:&quot;1&quot;,&quot;cards_row_gap&quot;:{&quot;unit&quot;:&quot;px&quot;,&quot;size&quot;:35,&quot;sizes&quot;:[]},&quot;cards_row_gap_tablet&quot;:{&quot;unit&quot;:&quot;px&quot;,&quot;size&quot;:&quot;&quot;,&quot;sizes&quot;:[]},&quot;cards_row_gap_mobile&quot;:{&quot;unit&quot;:&quot;px&quot;,&quot;size&quot;:&quot;&quot;,&quot;sizes&quot;:[]}}\" data-widget_type=\"posts.cards\">\n\t\t\t\t<div class=\"elementor-widget-container\">\n\t\t\t\t\t<div class=\"elementor-posts-container elementor-posts elementor-posts--skin-cards elementor-grid\">\n\t\t\t\t<article class=\"elementor-post elementor-grid-item post-2732 post type-post status-publish format-standard has-post-thumbnail hentry category-villas latest_post\">\n\t\t\t<div class=\"elementor-post__card\">\n\t\t\t\t<a class=\"elementor-post__thumbnail__link\" href=\"https:\/\/happyhouse-loc.com\/index.php\/2026\/01\/19\/villa-les-adrets-de-lesterel-8-personnes\/\" tabindex=\"-1\" ><div class=\"elementor-post__thumbnail\"><img fetchpriority=\"high\" decoding=\"async\" width=\"300\" height=\"225\" src=\"https:\/\/happyhouse-loc.com\/wp-content\/uploads\/2026\/01\/1000112919-300x225.jpg\" class=\"attachment-medium size-medium wp-image-2720\" alt=\"\" srcset=\"https:\/\/happyhouse-loc.com\/wp-content\/uploads\/2026\/01\/1000112919-300x225.jpg 300w, https:\/\/happyhouse-loc.com\/wp-content\/uploads\/2026\/01\/1000112919-1024x768.jpg 1024w, https:\/\/happyhouse-loc.com\/wp-content\/uploads\/2026\/01\/1000112919-768x576.jpg 768w, https:\/\/happyhouse-loc.com\/wp-content\/uploads\/2026\/01\/1000112919-1536x1152.jpg 1536w, https:\/\/happyhouse-loc.com\/wp-content\/uploads\/2026\/01\/1000112919-80x60.jpg 80w, https:\/\/happyhouse-loc.com\/wp-content\/uploads\/2026\/01\/1000112919.jpg 2000w\" sizes=\"(max-width: 300px) 100vw, 300px\" \/><\/div><\/a>\n\t\t\t\t<div class=\"elementor-post__badge\">Villas<\/div>\n\t\t\t\t<div class=\"elementor-post__text\">\n\t\t\t\t<h3 class=\"elementor-post__title\">\n\t\t\t<a href=\"https:\/\/happyhouse-loc.com\/index.php\/2026\/01\/19\/villa-les-adrets-de-lesterel-8-personnes\/\" >\n\t\t\t\tVilla Les Adrets de l&rsquo;Esterel   &#8211; 8 Personnes\t\t\t<\/a>\n\t\t<\/h3>\n\t\t\t\t<div class=\"elementor-post__excerpt\">\n\t\t\t<p>Villa Les Adrets de l&rsquo;Esterel &#8211; 8 personnes Magnifique villa de 110 m2- 8 personnes terrasse avec vue \u00e0 180\u00b0 sur montagnes et coucher de soleil.dans un domaine au calme et s\u00e9curis\u00e9 \u00e0 15 mn<\/p>\n\t\t<\/div>\n\t\t\t\t\t<div class=\"elementor-post__read-more-wrapper\">\n\t\t\n\t\t<a class=\"elementor-post__read-more\" href=\"https:\/\/happyhouse-loc.com\/index.php\/2026\/01\/19\/villa-les-adrets-de-lesterel-8-personnes\/\" aria-label=\"En savoir plus sur Villa Les Adrets de l&rsquo;Esterel   &#8211; 8 Personnes\" tabindex=\"-1\" >\n\t\t\tEn Savoir +\t\t<\/a>\n\n\t\t\t\t\t<\/div>\n\t\t\t\t<\/div>\n\t\t\t\t\t<\/div>\n\t\t<\/article>\n\t\t\t\t<article class=\"elementor-post elementor-grid-item post-2582 post type-post status-publish format-standard has-post-thumbnail hentry category-villas latest_post\">\n\t\t\t<div class=\"elementor-post__card\">\n\t\t\t\t<a class=\"elementor-post__thumbnail__link\" href=\"https:\/\/happyhouse-loc.com\/index.php\/2024\/05\/28\/villa-mougins\/\" tabindex=\"-1\" ><div class=\"elementor-post__thumbnail\"><img decoding=\"async\" width=\"300\" height=\"225\" src=\"https:\/\/happyhouse-loc.com\/wp-content\/uploads\/2024\/05\/920399bd-1e2d-4be4-ba07-9adf7896ceab-300x225.webp\" class=\"attachment-medium size-medium wp-image-2601\" alt=\"Villa Valbonne 4 pi\u00e8ces\" srcset=\"https:\/\/happyhouse-loc.com\/wp-content\/uploads\/2024\/05\/920399bd-1e2d-4be4-ba07-9adf7896ceab-300x225.webp 300w, https:\/\/happyhouse-loc.com\/wp-content\/uploads\/2024\/05\/920399bd-1e2d-4be4-ba07-9adf7896ceab-1024x768.webp 1024w, https:\/\/happyhouse-loc.com\/wp-content\/uploads\/2024\/05\/920399bd-1e2d-4be4-ba07-9adf7896ceab-768x576.webp 768w, https:\/\/happyhouse-loc.com\/wp-content\/uploads\/2024\/05\/920399bd-1e2d-4be4-ba07-9adf7896ceab-80x60.webp 80w, https:\/\/happyhouse-loc.com\/wp-content\/uploads\/2024\/05\/920399bd-1e2d-4be4-ba07-9adf7896ceab.webp 1440w\" sizes=\"(max-width: 300px) 100vw, 300px\" \/><\/div><\/a>\n\t\t\t\t<div class=\"elementor-post__badge\">Villas<\/div>\n\t\t\t\t<div class=\"elementor-post__text\">\n\t\t\t\t<h3 class=\"elementor-post__title\">\n\t\t\t<a href=\"https:\/\/happyhouse-loc.com\/index.php\/2024\/05\/28\/villa-mougins\/\" >\n\t\t\t\tVilla Valbonne  &#8211; 7 Personnes\t\t\t<\/a>\n\t\t<\/h3>\n\t\t\t\t<div class=\"elementor-post__excerpt\">\n\t\t\t<p>Villa Valbonne 7 Personnes Villa 4 Pi\u00e8ces 145 M2 7 personnes \u00a0 Maison familiale de plein pied pouvant accueillir confortablement jusqu&rsquo;\u00e0 7 personnes.Climatisation dans la pi\u00e8ce \u00e0 vivre. Grande pi\u00e8ce \u00e0 vivre d&rsquo;environ 70m2 avec<\/p>\n\t\t<\/div>\n\t\t\t\t\t<div class=\"elementor-post__read-more-wrapper\">\n\t\t\n\t\t<a class=\"elementor-post__read-more\" href=\"https:\/\/happyhouse-loc.com\/index.php\/2024\/05\/28\/villa-mougins\/\" aria-label=\"En savoir plus sur Villa Valbonne  &#8211; 7 Personnes\" tabindex=\"-1\" >\n\t\t\tEn Savoir +\t\t<\/a>\n\n\t\t\t\t\t<\/div>\n\t\t\t\t<\/div>\n\t\t\t\t\t<\/div>\n\t\t<\/article>\n\t\t\t\t<article class=\"elementor-post elementor-grid-item post-2693 post type-post status-publish format-standard has-post-thumbnail hentry category-villas latest_post\">\n\t\t\t<div class=\"elementor-post__card\">\n\t\t\t\t<a class=\"elementor-post__thumbnail__link\" href=\"https:\/\/happyhouse-loc.com\/index.php\/2026\/01\/12\/gite-a-la-ferme-moltifao-3p-6-personnes\/\" tabindex=\"-1\" ><div class=\"elementor-post__thumbnail\"><img decoding=\"async\" width=\"200\" height=\"300\" src=\"https:\/\/happyhouse-loc.com\/wp-content\/uploads\/2026\/01\/Moltifao-accueil-200x300.jpeg\" class=\"attachment-medium size-medium wp-image-2696\" alt=\"Bienvenue au Gite \u00e0 la ferme de Moltifao\" srcset=\"https:\/\/happyhouse-loc.com\/wp-content\/uploads\/2026\/01\/Moltifao-accueil-200x300.jpeg 200w, https:\/\/happyhouse-loc.com\/wp-content\/uploads\/2026\/01\/Moltifao-accueil-682x1024.jpeg 682w, https:\/\/happyhouse-loc.com\/wp-content\/uploads\/2026\/01\/Moltifao-accueil-768x1153.jpeg 768w, https:\/\/happyhouse-loc.com\/wp-content\/uploads\/2026\/01\/Moltifao-accueil-1024x1536.jpeg 1024w, https:\/\/happyhouse-loc.com\/wp-content\/uploads\/2026\/01\/Moltifao-accueil-1365x2048.jpeg 1365w, https:\/\/happyhouse-loc.com\/wp-content\/uploads\/2026\/01\/Moltifao-accueil-40x60.jpeg 40w, https:\/\/happyhouse-loc.com\/wp-content\/uploads\/2026\/01\/Moltifao-accueil.jpeg 1440w\" sizes=\"(max-width: 200px) 100vw, 200px\" \/><\/div><\/a>\n\t\t\t\t<div class=\"elementor-post__badge\">Villas<\/div>\n\t\t\t\t<div class=\"elementor-post__text\">\n\t\t\t\t<h3 class=\"elementor-post__title\">\n\t\t\t<a href=\"https:\/\/happyhouse-loc.com\/index.php\/2026\/01\/12\/gite-a-la-ferme-moltifao-3p-6-personnes\/\" >\n\t\t\t\tGite \u00e0 la ferme moltifao 3P &#8211; 6 Personnes\t\t\t<\/a>\n\t\t<\/h3>\n\t\t\t\t<div class=\"elementor-post__excerpt\">\n\t\t\t<p>Gite \u00e0 la Ferme &#8211; Moltifao Appartement 1er \u00e9tage de villa Le logement, au calme et tr\u00e8s lumineux, se situe au 1er \u00e9tage d&rsquo;une villa. Il est compos\u00e9 de 3 chambres, de 2 salles d&rsquo;eau,<\/p>\n\t\t<\/div>\n\t\t\t\t\t<div class=\"elementor-post__read-more-wrapper\">\n\t\t\n\t\t<a class=\"elementor-post__read-more\" href=\"https:\/\/happyhouse-loc.com\/index.php\/2026\/01\/12\/gite-a-la-ferme-moltifao-3p-6-personnes\/\" aria-label=\"En savoir plus sur Gite \u00e0 la ferme moltifao 3P &#8211; 6 Personnes\" tabindex=\"-1\" >\n\t\t\tEn Savoir +\t\t<\/a>\n\n\t\t\t\t\t<\/div>\n\t\t\t\t<\/div>\n\t\t\t\t\t<\/div>\n\t\t<\/article>\n\t\t\t\t<article class=\"elementor-post elementor-grid-item post-1831 post type-post status-publish format-standard has-post-thumbnail hentry category-villas-mandelieu latest_post\">\n\t\t\t<div class=\"elementor-post__card\">\n\t\t\t\t<a class=\"elementor-post__thumbnail__link\" href=\"https:\/\/happyhouse-loc.com\/index.php\/2023\/05\/02\/villa-lion\/\" tabindex=\"-1\" ><div class=\"elementor-post__thumbnail\"><img loading=\"lazy\" decoding=\"async\" width=\"300\" height=\"225\" src=\"https:\/\/happyhouse-loc.com\/wp-content\/uploads\/2023\/05\/9villa-mandelieu-les-adrests-300x225.webp\" class=\"attachment-medium size-medium wp-image-1844\" alt=\"\" srcset=\"https:\/\/happyhouse-loc.com\/wp-content\/uploads\/2023\/05\/9villa-mandelieu-les-adrests-300x225.webp 300w, https:\/\/happyhouse-loc.com\/wp-content\/uploads\/2023\/05\/9villa-mandelieu-les-adrests-1024x768.webp 1024w, https:\/\/happyhouse-loc.com\/wp-content\/uploads\/2023\/05\/9villa-mandelieu-les-adrests-768x576.webp 768w, https:\/\/happyhouse-loc.com\/wp-content\/uploads\/2023\/05\/9villa-mandelieu-les-adrests-80x60.webp 80w, https:\/\/happyhouse-loc.com\/wp-content\/uploads\/2023\/05\/9villa-mandelieu-les-adrests.webp 1200w\" sizes=\"(max-width: 300px) 100vw, 300px\" \/><\/div><\/a>\n\t\t\t\t<div class=\"elementor-post__badge\">Villas Mandelieu<\/div>\n\t\t\t\t<div class=\"elementor-post__text\">\n\t\t\t\t<h3 class=\"elementor-post__title\">\n\t\t\t<a href=\"https:\/\/happyhouse-loc.com\/index.php\/2023\/05\/02\/villa-lion\/\" >\n\t\t\t\tVilla LION\t\t\t<\/a>\n\t\t<\/h3>\n\t\t\t\t<div class=\"elementor-post__excerpt\">\n\t\t\t<p>Villa au Calme avec Piscine VILLA pour 6 PERSONNES Aux Adrets de l&rsquo;Esterel, \u00e0 15 min de Mandelieu, dans un domaine au calme avec terrain de tennis , agr\u00e9able villa \u00a0de 110 M2 sur 2<\/p>\n\t\t<\/div>\n\t\t\t\t\t<div class=\"elementor-post__read-more-wrapper\">\n\t\t\n\t\t<a class=\"elementor-post__read-more\" href=\"https:\/\/happyhouse-loc.com\/index.php\/2023\/05\/02\/villa-lion\/\" aria-label=\"En savoir plus sur Villa LION\" tabindex=\"-1\" >\n\t\t\tEn Savoir +\t\t<\/a>\n\n\t\t\t\t\t<\/div>\n\t\t\t\t<\/div>\n\t\t\t\t\t<\/div>\n\t\t<\/article>\n\t\t\t\t<article class=\"elementor-post elementor-grid-item post-2559 post type-post status-publish format-standard has-post-thumbnail hentry category-villas latest_post\">\n\t\t\t<div class=\"elementor-post__card\">\n\t\t\t\t<a class=\"elementor-post__thumbnail__link\" href=\"https:\/\/happyhouse-loc.com\/index.php\/2024\/05\/28\/villa-vallauris\/\" tabindex=\"-1\" ><div class=\"elementor-post__thumbnail\"><img loading=\"lazy\" decoding=\"async\" width=\"300\" height=\"300\" src=\"https:\/\/happyhouse-loc.com\/wp-content\/uploads\/2024\/05\/16c0af3d-3d3a-49eb-bc3a-9e5b1aab350a.jpeg-300x300.webp\" class=\"attachment-medium size-medium wp-image-2565\" alt=\"Villa Vallauris\" srcset=\"https:\/\/happyhouse-loc.com\/wp-content\/uploads\/2024\/05\/16c0af3d-3d3a-49eb-bc3a-9e5b1aab350a.jpeg-300x300.webp 300w, https:\/\/happyhouse-loc.com\/wp-content\/uploads\/2024\/05\/16c0af3d-3d3a-49eb-bc3a-9e5b1aab350a.jpeg-1024x1024.webp 1024w, https:\/\/happyhouse-loc.com\/wp-content\/uploads\/2024\/05\/16c0af3d-3d3a-49eb-bc3a-9e5b1aab350a.jpeg-150x150.webp 150w, https:\/\/happyhouse-loc.com\/wp-content\/uploads\/2024\/05\/16c0af3d-3d3a-49eb-bc3a-9e5b1aab350a.jpeg-768x768.webp 768w, https:\/\/happyhouse-loc.com\/wp-content\/uploads\/2024\/05\/16c0af3d-3d3a-49eb-bc3a-9e5b1aab350a.jpeg-60x60.webp 60w, https:\/\/happyhouse-loc.com\/wp-content\/uploads\/2024\/05\/16c0af3d-3d3a-49eb-bc3a-9e5b1aab350a.jpeg.webp 1200w\" sizes=\"(max-width: 300px) 100vw, 300px\" \/><\/div><\/a>\n\t\t\t\t<div class=\"elementor-post__badge\">Villas<\/div>\n\t\t\t\t<div class=\"elementor-post__text\">\n\t\t\t\t<h3 class=\"elementor-post__title\">\n\t\t\t<a href=\"https:\/\/happyhouse-loc.com\/index.php\/2024\/05\/28\/villa-vallauris\/\" >\n\t\t\t\tVilla Vallauris 3P &#8211; 6 Personnes\t\t\t<\/a>\n\t\t<\/h3>\n\t\t\t\t<div class=\"elementor-post__excerpt\">\n\t\t\t<p>Villa Vallauris Calme et Nature Villa 3 Pi\u00e8ces &#8211; 6 personnes Venez visiter la C\u00f4te d&rsquo;Azur dans un lieu tranquille tout en \u00e9tant id\u00e9alement situ\u00e9 des villes principales. Vous serez \u00e0 20-25mn de Nice, moins<\/p>\n\t\t<\/div>\n\t\t\t\t\t<div class=\"elementor-post__read-more-wrapper\">\n\t\t\n\t\t<a class=\"elementor-post__read-more\" href=\"https:\/\/happyhouse-loc.com\/index.php\/2024\/05\/28\/villa-vallauris\/\" aria-label=\"En savoir plus sur Villa Vallauris 3P &#8211; 6 Personnes\" tabindex=\"-1\" >\n\t\t\tEn Savoir +\t\t<\/a>\n\n\t\t\t\t\t<\/div>\n\t\t\t\t<\/div>\n\t\t\t\t\t<\/div>\n\t\t<\/article>\n\t\t\t\t<\/div>\n\t\t\n\t\t\t\t<\/div>\n\t\t\t\t<\/div>\n\t\t\t\t\t<\/div>\n\t\t<\/div>\n\t\t\t\t\t<\/div>\n\t\t<\/section>\n\t\t\t\t<\/div>\n\t\t","protected":false},"excerpt":{"rendered":"<p>Autres destinations<\/p>\n","protected":false},"author":1,"featured_media":0,"parent":0,"menu_order":0,"comment_status":"closed","ping_status":"closed","template":"","meta":{"footnotes":""},"class_list":["post-2529","page","type-page","status-publish","hentry","latest_post"],"yoast_head":"<!-- This site is optimized with the Yoast SEO plugin v23.6 - https:\/\/yoast.com\/wordpress\/plugins\/seo\/ -->\n<title>Autres destinations - Happy House Location<\/title>\n<meta name=\"robots\" content=\"index, follow, max-snippet:-1, max-image-preview:large, max-video-preview:-1\" \/>\n<link rel=\"canonical\" href=\"https:\/\/happyhouse-loc.com\/index.php\/autres-destinations\/\" \/>\n<meta property=\"og:locale\" content=\"fr_FR\" \/>\n<meta property=\"og:type\" content=\"article\" \/>\n<meta property=\"og:title\" content=\"Autres destinations - Happy House Location\" \/>\n<meta property=\"og:description\" content=\"Autres destinations\" \/>\n<meta property=\"og:url\" content=\"https:\/\/happyhouse-loc.com\/index.php\/autres-destinations\/\" \/>\n<meta property=\"og:site_name\" content=\"Happy House Location\" \/>\n<meta property=\"article:modified_time\" content=\"2026-01-22T16:49:58+00:00\" \/>\n<meta name=\"twitter:card\" content=\"summary_large_image\" \/>\n<meta name=\"twitter:label1\" content=\"Dur\u00e9e de lecture estim\u00e9e\" \/>\n\t<meta name=\"twitter:data1\" content=\"4 minutes\" \/>\n<script type=\"application\/ld+json\" class=\"yoast-schema-graph\">{\"@context\":\"https:\/\/schema.org\",\"@graph\":[{\"@type\":\"WebPage\",\"@id\":\"https:\/\/happyhouse-loc.com\/index.php\/autres-destinations\/\",\"url\":\"https:\/\/happyhouse-loc.com\/index.php\/autres-destinations\/\",\"name\":\"Autres destinations - Happy House Location\",\"isPartOf\":{\"@id\":\"https:\/\/happyhouse-loc.com\/#website\"},\"datePublished\":\"2024-05-20T17:17:41+00:00\",\"dateModified\":\"2026-01-22T16:49:58+00:00\",\"breadcrumb\":{\"@id\":\"https:\/\/happyhouse-loc.com\/index.php\/autres-destinations\/#breadcrumb\"},\"inLanguage\":\"fr-FR\",\"potentialAction\":[{\"@type\":\"ReadAction\",\"target\":[\"https:\/\/happyhouse-loc.com\/index.php\/autres-destinations\/\"]}]},{\"@type\":\"BreadcrumbList\",\"@id\":\"https:\/\/happyhouse-loc.com\/index.php\/autres-destinations\/#breadcrumb\",\"itemListElement\":[{\"@type\":\"ListItem\",\"position\":1,\"name\":\"Accueil\",\"item\":\"https:\/\/happyhouse-loc.com\/\"},{\"@type\":\"ListItem\",\"position\":2,\"name\":\"Autres destinations\"}]},{\"@type\":\"WebSite\",\"@id\":\"https:\/\/happyhouse-loc.com\/#website\",\"url\":\"https:\/\/happyhouse-loc.com\/\",\"name\":\"Happy House Location\",\"description\":\"\",\"publisher\":{\"@id\":\"https:\/\/happyhouse-loc.com\/#organization\"},\"potentialAction\":[{\"@type\":\"SearchAction\",\"target\":{\"@type\":\"EntryPoint\",\"urlTemplate\":\"https:\/\/happyhouse-loc.com\/?s={search_term_string}\"},\"query-input\":{\"@type\":\"PropertyValueSpecification\",\"valueRequired\":true,\"valueName\":\"search_term_string\"}}],\"inLanguage\":\"fr-FR\"},{\"@type\":\"Organization\",\"@id\":\"https:\/\/happyhouse-loc.com\/#organization\",\"name\":\"Happy House Location\",\"url\":\"https:\/\/happyhouse-loc.com\/\",\"logo\":{\"@type\":\"ImageObject\",\"inLanguage\":\"fr-FR\",\"@id\":\"https:\/\/happyhouse-loc.com\/#\/schema\/logo\/image\/\",\"url\":\"https:\/\/happyhouse-loc.com\/wp-content\/uploads\/2023\/03\/cropped-HappyHouseLogo-3-2.png\",\"contentUrl\":\"https:\/\/happyhouse-loc.com\/wp-content\/uploads\/2023\/03\/cropped-HappyHouseLogo-3-2.png\",\"width\":1716,\"height\":1182,\"caption\":\"Happy House Location\"},\"image\":{\"@id\":\"https:\/\/happyhouse-loc.com\/#\/schema\/logo\/image\/\"}}]}<\/script>\n<!-- \/ Yoast SEO plugin. -->","yoast_head_json":{"title":"Autres destinations - Happy House Location","robots":{"index":"index","follow":"follow","max-snippet":"max-snippet:-1","max-image-preview":"max-image-preview:large","max-video-preview":"max-video-preview:-1"},"canonical":"https:\/\/happyhouse-loc.com\/index.php\/autres-destinations\/","og_locale":"fr_FR","og_type":"article","og_title":"Autres destinations - Happy House Location","og_description":"Autres destinations","og_url":"https:\/\/happyhouse-loc.com\/index.php\/autres-destinations\/","og_site_name":"Happy House Location","article_modified_time":"2026-01-22T16:49:58+00:00","twitter_card":"summary_large_image","twitter_misc":{"Dur\u00e9e de lecture estim\u00e9e":"4 minutes"},"schema":{"@context":"https:\/\/schema.org","@graph":[{"@type":"WebPage","@id":"https:\/\/happyhouse-loc.com\/index.php\/autres-destinations\/","url":"https:\/\/happyhouse-loc.com\/index.php\/autres-destinations\/","name":"Autres destinations - Happy House Location","isPartOf":{"@id":"https:\/\/happyhouse-loc.com\/#website"},"datePublished":"2024-05-20T17:17:41+00:00","dateModified":"2026-01-22T16:49:58+00:00","breadcrumb":{"@id":"https:\/\/happyhouse-loc.com\/index.php\/autres-destinations\/#breadcrumb"},"inLanguage":"fr-FR","potentialAction":[{"@type":"ReadAction","target":["https:\/\/happyhouse-loc.com\/index.php\/autres-destinations\/"]}]},{"@type":"BreadcrumbList","@id":"https:\/\/happyhouse-loc.com\/index.php\/autres-destinations\/#breadcrumb","itemListElement":[{"@type":"ListItem","position":1,"name":"Accueil","item":"https:\/\/happyhouse-loc.com\/"},{"@type":"ListItem","position":2,"name":"Autres destinations"}]},{"@type":"WebSite","@id":"https:\/\/happyhouse-loc.com\/#website","url":"https:\/\/happyhouse-loc.com\/","name":"Happy House Location","description":"","publisher":{"@id":"https:\/\/happyhouse-loc.com\/#organization"},"potentialAction":[{"@type":"SearchAction","target":{"@type":"EntryPoint","urlTemplate":"https:\/\/happyhouse-loc.com\/?s={search_term_string}"},"query-input":{"@type":"PropertyValueSpecification","valueRequired":true,"valueName":"search_term_string"}}],"inLanguage":"fr-FR"},{"@type":"Organization","@id":"https:\/\/happyhouse-loc.com\/#organization","name":"Happy House Location","url":"https:\/\/happyhouse-loc.com\/","logo":{"@type":"ImageObject","inLanguage":"fr-FR","@id":"https:\/\/happyhouse-loc.com\/#\/schema\/logo\/image\/","url":"https:\/\/happyhouse-loc.com\/wp-content\/uploads\/2023\/03\/cropped-HappyHouseLogo-3-2.png","contentUrl":"https:\/\/happyhouse-loc.com\/wp-content\/uploads\/2023\/03\/cropped-HappyHouseLogo-3-2.png","width":1716,"height":1182,"caption":"Happy House Location"},"image":{"@id":"https:\/\/happyhouse-loc.com\/#\/schema\/logo\/image\/"}}]}},"_links":{"self":[{"href":"https:\/\/happyhouse-loc.com\/index.php\/wp-json\/wp\/v2\/pages\/2529","targetHints":{"allow":["GET"]}}],"collection":[{"href":"https:\/\/happyhouse-loc.com\/index.php\/wp-json\/wp\/v2\/pages"}],"about":[{"href":"https:\/\/happyhouse-loc.com\/index.php\/wp-json\/wp\/v2\/types\/page"}],"author":[{"embeddable":true,"href":"https:\/\/happyhouse-loc.com\/index.php\/wp-json\/wp\/v2\/users\/1"}],"replies":[{"embeddable":true,"href":"https:\/\/happyhouse-loc.com\/index.php\/wp-json\/wp\/v2\/comments?post=2529"}],"version-history":[{"count":22,"href":"https:\/\/happyhouse-loc.com\/index.php\/wp-json\/wp\/v2\/pages\/2529\/revisions"}],"predecessor-version":[{"id":2763,"href":"https:\/\/happyhouse-loc.com\/index.php\/wp-json\/wp\/v2\/pages\/2529\/revisions\/2763"}],"wp:attachment":[{"href":"https:\/\/happyhouse-loc.com\/index.php\/wp-json\/wp\/v2\/media?parent=2529"}],"curies":[{"name":"wp","href":"https:\/\/api.w.org\/{rel}","templated":true}]}}